{"id":522,"date":"2024-11-13T13:32:31","date_gmt":"2024-11-13T12:32:31","guid":{"rendered":"http:\/\/rosedelphine.com\/?page_id=522"},"modified":"2024-11-13T13:32:31","modified_gmt":"2024-11-13T12:32:31","slug":"expositions-et-evenements","status":"publish","type":"page","link":"https:\/\/rosedelphine.com\/index.php\/expositions-et-evenements\/","title":{"rendered":"Expositions et \u00e9v\u00e9nements"},"content":{"rendered":"\n<ul class=\"wp-block-list\">\n<li>Printemps 2023 <br>\u00ab\u00a0(Ra)conter des salades\u00a0\u00bb, installation en partenariat avec des<br>escargots, Expo. \u00a0\u00bb \u00d4 jardin\u00a0\u00bb, Chapelle St Esprit, Auray (56)<\/li>\n\n\n\n<li>Mars 2023<br>Lombric, marionnette de 9 m, <em><strong>M\u00e9lifra\u00eeche<\/strong><\/em>, Auray (56)<\/li>\n\n\n\n<li>F\u00e9vrier 2023 <br>Cascade, installation pour le festival des lettres d&rsquo;amour, Auray (56)<br>Jeu de piste po\u00e9tique avec Gilles Gautier \u00ab\u00a0Entre Terre et Mer\u00a0\u00bb, dans les rues d&rsquo;Auray (56)<\/li>\n\n\n\n<li>2022<br>Sphynx, installation interactive, Gouzout festival, Auray (56)<br>Installation a\u00e9rienne en plumes r\u00e9alis\u00e9e avec Gilles Gautier, \u00ab Chapelles en art \u00bb, Brech (56)<\/li>\n\n\n\n<li>2019<br>Installation en argile crue r\u00e9alis\u00e9e avec Gilles Gautier, \u00ab Chapelles en art \u00bb, Brech (56)<\/li>\n\n\n\n<li>2018<br>Exposition avec Marion La Pennec, sculptures, Nogent sur Marne (94)<br>Exposition collective, sculptures, chapelle St Esprit, Auray (56)<br>Exposition collective, s\u00e9lection au concours r\u00e9gional \u00ab ateliers d\u2019Art de France \u00bb, sculpture, Rennes<\/li>\n\n\n\n<li>2017<br>Exposition collective, s\u00e9lection au concours r\u00e9gional \u00ab ateliers d\u2019Art de France \u00bb, sculpture, Rennes<br>Exposition collective, sculptures, chapelle St Esprit, Auray (56)<br>Exposition de sculptures, Le Belv\u00e9d\u00e8re, Guer (56)<\/li>\n\n\n\n<li>2016<br>Exposition collective, sculptures, chapelle St Esprit, Auray (56)<br>Exposition de sculptures, mus\u00e9e de l\u2019 \u00cele d\u2019Arz (56)<br>Installations ext\u00e9rieures, parcours d\u2019art contemporain \u00ab Le jardin des d\u00e9lices \u00bb, \u00cele d\u2019Arz (56)<br>Exposition de sculptures, l\u2019Hermine, Sarzeau (56)<br>Exposition de sculptures, Moulin de Pen Castel, Arzon (56)<\/li>\n\n\n\n<li>2015<br>Exposition de sculptures, Galerie Marl\u00e8ne Millon, Pont Aven (29)<br>Exposition collective, sculptures, Chapelle St Esprit, Auray (56<br>Exposition de c\u00e9ramiques, galerie Jean Jacques Rio , Auray<br>Exposition de c\u00e9ramiques, galerie du h\u00e9ron, Auray<\/li>\n\n\n\n<li>2014<br>Exposition collective, sculptures, Auray<br>R\u00e9sidence artistique, installations ext\u00e9rieures, Notre Dame des Landes (44)<\/li>\n\n\n\n<li>2013<br>Exposition collective, sculptures c\u00e9ramiques, galerie du h\u00e9ron, Auray<br>R\u00e9sidence artistique, installation ext\u00e9rieure au ch\u00e2teau de Josselin (56)<br>Exposition permanente personnelle \u00ab C\u00e9ramiques et autres plaisirs \u00bb, espace priv\u00e9, Auray<\/li>\n\n\n\n<li>2011<br>Festival Art Capella, \u201cTrajectoires\u201d, installation interactive, chapelle de B\u00e9l\u00e9an, Ploeren (56)<\/li>\n\n\n\n<li>2010<br>Exposition \u00ab Paysages int\u00e9rieurs \u00bb, sculptures, raku et plantes, Cap Ferret (33)<\/li>\n\n\n\n<li>2009<br>Exposition \u00ab les \u00e9co-artistes \u00bb, installation en suspension, Andernos (33)<\/li>\n\n\n\n<li>2008<br>Biennale d\u2019art contemporain, installation flottante, Can\u2019Art 08, lac de Lacanau (33)<\/li>\n\n\n\n<li>2006<br>Exposition \u201cLe sol\u201d, installations, ferme botanique Flora Atlantica, Le Porge (33)<\/li>\n\n\n\n<li>2005<br>Foire aux plantes, performance, abbaye de Vertheuil (33)<\/li>\n\n\n\n<li>2002<br>Exposition collective, sculptures, galerie Artis Factum, Bordeaux (33)<\/li>\n<\/ul>\n","protected":false},"excerpt":{"rendered":"","protected":false},"author":1,"featured_media":0,"parent":0,"menu_order":0,"comment_status":"closed","ping_status":"closed","template":"","meta":{"footnotes":""},"class_list":["post-522","page","type-page","status-publish","hentry"],"_links":{"self":[{"href":"https:\/\/rosedelphine.com\/index.php\/wp-json\/wp\/v2\/pages\/522","targetHints":{"allow":["GET"]}}],"collection":[{"href":"https:\/\/rosedelphine.com\/index.php\/wp-json\/wp\/v2\/pages"}],"about":[{"href":"https:\/\/rosedelphine.com\/index.php\/wp-json\/wp\/v2\/types\/page"}],"author":[{"embeddable":true,"href":"https:\/\/rosedelphine.com\/index.php\/wp-json\/wp\/v2\/users\/1"}],"replies":[{"embeddable":true,"href":"https:\/\/rosedelphine.com\/index.php\/wp-json\/wp\/v2\/comments?post=522"}],"version-history":[{"count":1,"href":"https:\/\/rosedelphine.com\/index.php\/wp-json\/wp\/v2\/pages\/522\/revisions"}],"predecessor-version":[{"id":523,"href":"https:\/\/rosedelphine.com\/index.php\/wp-json\/wp\/v2\/pages\/522\/revisions\/523"}],"wp:attachment":[{"href":"https:\/\/rosedelphine.com\/index.php\/wp-json\/wp\/v2\/media?parent=522"}],"curies":[{"name":"wp","href":"https:\/\/api.w.org\/{rel}","templated":true}]}}