{"id":503,"date":"2024-10-29T17:00:27","date_gmt":"2024-10-29T16:00:27","guid":{"rendered":"http:\/\/rosedelphine.com\/?page_id=503"},"modified":"2024-12-13T19:46:05","modified_gmt":"2024-12-13T18:46:05","slug":"sphynx","status":"publish","type":"page","link":"https:\/\/rosedelphine.com\/index.php\/installation-et-volume\/sphynx\/","title":{"rendered":"Sphynx"},"content":{"rendered":"\n<p><strong>Prolif\u00e9ration de papillons SPHYNX au tiers lieu \u00e9ph\u00e9m\u00e8re La Fra\u00eeche<br>2023 &#8211; <em>\u00ab\u00a0GOUZOUT\u00a0\u00bb &#8211;<\/em> festival organis\u00e9 par <em>Les Coraux<\/em> \u00e0 Auray<\/strong><\/p>\n\n\n\n<p>Ces autocollants con\u00e7us pour <em>les Journ\u00e9es des Savoirs faire Locaux, <\/em>\u00e0 savoir&nbsp;\u00ab&nbsp;<em>LE GOUZOUT&nbsp;\u00bb<\/em> sont r\u00e9alis\u00e9s au Fablabavec une mati\u00e8re 1\u00e8re r\u00e9cup\u00e9r\u00e9e.<\/p>\n\n\n\n<p>Ils sont distribu\u00e9s aux visiteurs\/acteurs qui choisissent o\u00f9 les coller dans l\u2019espace partag\u00e9 \u00e9ph\u00e9m\u00e8re de <em>La Fra\u00eeche<\/em>.<\/p>\n\n\n\n<p><a><\/a> Ce papillon est \u00e0 l\u2019effigie de l\u2019association porteuse du projet de <em>La Fra\u00eeche<\/em>, \u00e0 savoir <em>La Lucine<\/em>, dont c\u2019est le logo. Il fait aussi \u00e9cho \u00e0 l\u2019aspect \u00e9ph\u00e9m\u00e8re du lieu qui allie l\u00e9g\u00e8ret\u00e9 de la f\u00eate et pr\u00e9sence de la mort, notamment avec le cimeti\u00e8re qui le jouxte.<\/p>\n\n\n\n<p>Encore une fois, Delphine Rose propose une participation active du public par un travail interactif de sc\u00e9nographie.<\/p>\n\n\n\n<figure class=\"wp-block-gallery has-nested-images columns-default is-cropped wp-block-gallery-1 is-layout-flex wp-block-gallery-is-layout-flex\">\n<figure class=\"wp-block-image size-large\"><img loading=\"lazy\" decoding=\"async\" width=\"1024\" height=\"768\" data-id=\"504\" src=\"http:\/\/rosedelphine.com\/wp-content\/uploads\/2024\/10\/20221016_174918-1024x768.jpg\" alt=\"\" class=\"wp-image-504\" srcset=\"https:\/\/rosedelphine.com\/wp-content\/uploads\/2024\/10\/20221016_174918-1024x768.jpg 1024w, https:\/\/rosedelphine.com\/wp-content\/uploads\/2024\/10\/20221016_174918-300x225.jpg 300w, https:\/\/rosedelphine.com\/wp-content\/uploads\/2024\/10\/20221016_174918-768x576.jpg 768w, https:\/\/rosedelphine.com\/wp-content\/uploads\/2024\/10\/20221016_174918-1536x1152.jpg 1536w, https:\/\/rosedelphine.com\/wp-content\/uploads\/2024\/10\/20221016_174918-2048x1536.jpg 2048w\" sizes=\"auto, (max-width: 1024px) 100vw, 1024px\" \/><\/figure>\n\n\n\n<figure class=\"wp-block-image size-large\"><img loading=\"lazy\" decoding=\"async\" width=\"675\" height=\"1024\" data-id=\"505\" src=\"http:\/\/rosedelphine.com\/wp-content\/uploads\/2024\/10\/sphynx-sticker-Fraiche-675x1024.jpg\" alt=\"\" class=\"wp-image-505\" srcset=\"https:\/\/rosedelphine.com\/wp-content\/uploads\/2024\/10\/sphynx-sticker-Fraiche-675x1024.jpg 675w, https:\/\/rosedelphine.com\/wp-content\/uploads\/2024\/10\/sphynx-sticker-Fraiche-198x300.jpg 198w, https:\/\/rosedelphine.com\/wp-content\/uploads\/2024\/10\/sphynx-sticker-Fraiche-768x1165.jpg 768w, https:\/\/rosedelphine.com\/wp-content\/uploads\/2024\/10\/sphynx-sticker-Fraiche-1012x1536.jpg 1012w, https:\/\/rosedelphine.com\/wp-content\/uploads\/2024\/10\/sphynx-sticker-Fraiche-1350x2048.jpg 1350w, https:\/\/rosedelphine.com\/wp-content\/uploads\/2024\/10\/sphynx-sticker-Fraiche-scaled.jpg 1687w\" sizes=\"auto, (max-width: 675px) 100vw, 675px\" \/><\/figure>\n<\/figure>\n","protected":false},"excerpt":{"rendered":"<p>Prolif\u00e9ration de papillons SPHYNX au tiers lieu \u00e9ph\u00e9m\u00e8re La Fra\u00eeche2023 &#8211; \u00ab\u00a0GOUZOUT\u00a0\u00bb &#8211; festival organis\u00e9 par Les Coraux \u00e0 Auray Ces autocollants con\u00e7us pour les Journ\u00e9es des Savoirs faire Locaux, \u00e0 savoir&nbsp;\u00ab&nbsp;LE GOUZOUT&nbsp;\u00bb sont r\u00e9alis\u00e9s au Fablabavec une mati\u00e8re 1\u00e8re r\u00e9cup\u00e9r\u00e9e. Ils sont distribu\u00e9s aux visiteurs\/acteurs qui choisissent o\u00f9 les coller dans l\u2019espace partag\u00e9 \u00e9ph\u00e9m\u00e8re [&hellip;]<\/p>\n","protected":false},"author":1,"featured_media":0,"parent":19,"menu_order":0,"comment_status":"closed","ping_status":"closed","template":"","meta":{"footnotes":""},"class_list":["post-503","page","type-page","status-publish","hentry"],"_links":{"self":[{"href":"https:\/\/rosedelphine.com\/index.php\/wp-json\/wp\/v2\/pages\/503","targetHints":{"allow":["GET"]}}],"collection":[{"href":"https:\/\/rosedelphine.com\/index.php\/wp-json\/wp\/v2\/pages"}],"about":[{"href":"https:\/\/rosedelphine.com\/index.php\/wp-json\/wp\/v2\/types\/page"}],"author":[{"embeddable":true,"href":"https:\/\/rosedelphine.com\/index.php\/wp-json\/wp\/v2\/users\/1"}],"replies":[{"embeddable":true,"href":"https:\/\/rosedelphine.com\/index.php\/wp-json\/wp\/v2\/comments?post=503"}],"version-history":[{"count":1,"href":"https:\/\/rosedelphine.com\/index.php\/wp-json\/wp\/v2\/pages\/503\/revisions"}],"predecessor-version":[{"id":506,"href":"https:\/\/rosedelphine.com\/index.php\/wp-json\/wp\/v2\/pages\/503\/revisions\/506"}],"up":[{"embeddable":true,"href":"https:\/\/rosedelphine.com\/index.php\/wp-json\/wp\/v2\/pages\/19"}],"wp:attachment":[{"href":"https:\/\/rosedelphine.com\/index.php\/wp-json\/wp\/v2\/media?parent=503"}],"curies":[{"name":"wp","href":"https:\/\/api.w.org\/{rel}","templated":true}]}}