{"id":497,"date":"2024-10-29T16:54:45","date_gmt":"2024-10-29T15:54:45","guid":{"rendered":"http:\/\/rosedelphine.com\/?page_id=497"},"modified":"2024-12-13T19:42:56","modified_gmt":"2024-12-13T18:42:56","slug":"lombric","status":"publish","type":"page","link":"https:\/\/rosedelphine.com\/index.php\/action-artistique\/lombric\/","title":{"rendered":"Lombric de La Fra\u00eeche"},"content":{"rendered":"\n<p>Ce lombric est n\u00e9 sous la lune de mars 2023 , la fameuse \u00ab lune des vers \u00bb, pour <em>\u00ab La M\u00e9lifra\u00eeche \u00bb, <\/em>dans le cadre du festival alr\u00e9en<em> M\u00e9lisc\u00e8ne, <\/em>festival de th\u00e9\u00e2tre d\u2019objets et autres formes anim\u00e9es.<\/p>\n\n\n\n<p>Au d\u00e9but de sa vie, il ne demandait qu\u2019\u00e0 se teinter du passage de nombreux couturiers et couturi\u00e8res aventureuses sur son long corps.<\/p>\n\n\n\n<p>C\u2019est au long de diverses manifestations permettant de f\u00e9d\u00e9rer, de r\u00e9fl\u00e9chir \u00e0 l\u2019importance du \u00ab local \u00bb pour l\u2019environnement, \u00e0 l\u2019importance de l\u2019\u0153uvre collective, qu\u2019il va \u00e9voluer et nous faire progresser vers plus de prise de conscience dans le plaisir et la rigolade !<\/p>\n\n\n\n<p><a><\/a> Le lombric de la Fra\u00eeche est \u00e0 disposition pour tout.e.s. au gr\u00e8s des f\u00eates, manifestations diverses. Sa longueur de 9 m\u00e8tres permet de se rencontrer autour de la couture.<\/p>\n\n\n\n<p class=\"has-text-align-center has-large-font-size\">Longue vie aux lombrics !<\/p>\n\n\n\n<figure class=\"wp-block-gallery has-nested-images columns-default is-cropped wp-block-gallery-1 is-layout-flex wp-block-gallery-is-layout-flex\">\n<figure class=\"wp-block-image size-large\"><img loading=\"lazy\" decoding=\"async\" width=\"1024\" height=\"576\" data-id=\"498\" src=\"http:\/\/rosedelphine.com\/wp-content\/uploads\/2024\/10\/lombric-a-la-Fraiche-1024x576.jpg\" alt=\"\" class=\"wp-image-498\" srcset=\"https:\/\/rosedelphine.com\/wp-content\/uploads\/2024\/10\/lombric-a-la-Fraiche-1024x576.jpg 1024w, https:\/\/rosedelphine.com\/wp-content\/uploads\/2024\/10\/lombric-a-la-Fraiche-300x169.jpg 300w, https:\/\/rosedelphine.com\/wp-content\/uploads\/2024\/10\/lombric-a-la-Fraiche-768x432.jpg 768w, https:\/\/rosedelphine.com\/wp-content\/uploads\/2024\/10\/lombric-a-la-Fraiche-1536x864.jpg 1536w, https:\/\/rosedelphine.com\/wp-content\/uploads\/2024\/10\/lombric-a-la-Fraiche.jpg 2048w\" sizes=\"auto, (max-width: 1024px) 100vw, 1024px\" \/><\/figure>\n\n\n\n<figure class=\"wp-block-image size-large\"><img loading=\"lazy\" decoding=\"async\" width=\"768\" height=\"1024\" data-id=\"512\" src=\"http:\/\/rosedelphine.com\/wp-content\/uploads\/2024\/10\/20230829_182202-768x1024.jpg\" alt=\"\" class=\"wp-image-512\" srcset=\"https:\/\/rosedelphine.com\/wp-content\/uploads\/2024\/10\/20230829_182202-768x1024.jpg 768w, https:\/\/rosedelphine.com\/wp-content\/uploads\/2024\/10\/20230829_182202-225x300.jpg 225w, https:\/\/rosedelphine.com\/wp-content\/uploads\/2024\/10\/20230829_182202-1152x1536.jpg 1152w, https:\/\/rosedelphine.com\/wp-content\/uploads\/2024\/10\/20230829_182202-1536x2048.jpg 1536w, https:\/\/rosedelphine.com\/wp-content\/uploads\/2024\/10\/20230829_182202-scaled.jpg 1920w\" sizes=\"auto, (max-width: 768px) 100vw, 768px\" \/><\/figure>\n\n\n\n<figure class=\"wp-block-image size-large\"><img loading=\"lazy\" decoding=\"async\" width=\"768\" height=\"1024\" data-id=\"499\" src=\"http:\/\/rosedelphine.com\/wp-content\/uploads\/2024\/10\/lombric-Gilles-et-Laetitia-768x1024.jpg\" alt=\"\" class=\"wp-image-499\" srcset=\"https:\/\/rosedelphine.com\/wp-content\/uploads\/2024\/10\/lombric-Gilles-et-Laetitia-768x1024.jpg 768w, https:\/\/rosedelphine.com\/wp-content\/uploads\/2024\/10\/lombric-Gilles-et-Laetitia-225x300.jpg 225w, https:\/\/rosedelphine.com\/wp-content\/uploads\/2024\/10\/lombric-Gilles-et-Laetitia-1152x1536.jpg 1152w, https:\/\/rosedelphine.com\/wp-content\/uploads\/2024\/10\/lombric-Gilles-et-Laetitia-1536x2048.jpg 1536w, https:\/\/rosedelphine.com\/wp-content\/uploads\/2024\/10\/lombric-Gilles-et-Laetitia-scaled.jpg 1920w\" sizes=\"auto, (max-width: 768px) 100vw, 768px\" \/><\/figure>\n\n\n\n<figure class=\"wp-block-image size-large\"><img loading=\"lazy\" decoding=\"async\" width=\"1024\" height=\"768\" data-id=\"510\" src=\"http:\/\/rosedelphine.com\/wp-content\/uploads\/2024\/10\/20230817_145629-1024x768.jpg\" alt=\"\" class=\"wp-image-510\" srcset=\"https:\/\/rosedelphine.com\/wp-content\/uploads\/2024\/10\/20230817_145629-1024x768.jpg 1024w, https:\/\/rosedelphine.com\/wp-content\/uploads\/2024\/10\/20230817_145629-300x225.jpg 300w, https:\/\/rosedelphine.com\/wp-content\/uploads\/2024\/10\/20230817_145629-768x576.jpg 768w, https:\/\/rosedelphine.com\/wp-content\/uploads\/2024\/10\/20230817_145629-1536x1152.jpg 1536w, https:\/\/rosedelphine.com\/wp-content\/uploads\/2024\/10\/20230817_145629-2048x1536.jpg 2048w\" sizes=\"auto, (max-width: 1024px) 100vw, 1024px\" \/><\/figure>\n\n\n\n<figure class=\"wp-block-image size-large\"><img loading=\"lazy\" decoding=\"async\" width=\"768\" height=\"1024\" data-id=\"542\" src=\"http:\/\/rosedelphine.com\/wp-content\/uploads\/2024\/12\/le-lombric-nu-descend-les-escaliers-768x1024.jpg\" alt=\"\" class=\"wp-image-542\" srcset=\"https:\/\/rosedelphine.com\/wp-content\/uploads\/2024\/12\/le-lombric-nu-descend-les-escaliers-768x1024.jpg 768w, https:\/\/rosedelphine.com\/wp-content\/uploads\/2024\/12\/le-lombric-nu-descend-les-escaliers-225x300.jpg 225w, https:\/\/rosedelphine.com\/wp-content\/uploads\/2024\/12\/le-lombric-nu-descend-les-escaliers-1152x1536.jpg 1152w, https:\/\/rosedelphine.com\/wp-content\/uploads\/2024\/12\/le-lombric-nu-descend-les-escaliers-1536x2048.jpg 1536w, https:\/\/rosedelphine.com\/wp-content\/uploads\/2024\/12\/le-lombric-nu-descend-les-escaliers-scaled.jpg 1920w\" sizes=\"auto, (max-width: 768px) 100vw, 768px\" \/><\/figure>\n\n\n\n<figure class=\"wp-block-image size-large\"><img loading=\"lazy\" decoding=\"async\" width=\"768\" height=\"1024\" data-id=\"546\" src=\"http:\/\/rosedelphine.com\/wp-content\/uploads\/2024\/12\/lombric-arboricole-1-768x1024.jpg\" alt=\"\" class=\"wp-image-546\" srcset=\"https:\/\/rosedelphine.com\/wp-content\/uploads\/2024\/12\/lombric-arboricole-1-768x1024.jpg 768w, https:\/\/rosedelphine.com\/wp-content\/uploads\/2024\/12\/lombric-arboricole-1-225x300.jpg 225w, https:\/\/rosedelphine.com\/wp-content\/uploads\/2024\/12\/lombric-arboricole-1-1152x1536.jpg 1152w, https:\/\/rosedelphine.com\/wp-content\/uploads\/2024\/12\/lombric-arboricole-1-1536x2048.jpg 1536w, https:\/\/rosedelphine.com\/wp-content\/uploads\/2024\/12\/lombric-arboricole-1-scaled.jpg 1920w\" sizes=\"auto, (max-width: 768px) 100vw, 768px\" \/><\/figure>\n\n\n\n<figure class=\"wp-block-image size-large\"><img loading=\"lazy\" decoding=\"async\" width=\"768\" height=\"1024\" data-id=\"545\" src=\"http:\/\/rosedelphine.com\/wp-content\/uploads\/2024\/12\/lombric-cale-768x1024.jpg\" alt=\"\" class=\"wp-image-545\" srcset=\"https:\/\/rosedelphine.com\/wp-content\/uploads\/2024\/12\/lombric-cale-768x1024.jpg 768w, https:\/\/rosedelphine.com\/wp-content\/uploads\/2024\/12\/lombric-cale-225x300.jpg 225w, https:\/\/rosedelphine.com\/wp-content\/uploads\/2024\/12\/lombric-cale-1152x1536.jpg 1152w, https:\/\/rosedelphine.com\/wp-content\/uploads\/2024\/12\/lombric-cale-1536x2048.jpg 1536w, https:\/\/rosedelphine.com\/wp-content\/uploads\/2024\/12\/lombric-cale-scaled.jpg 1920w\" sizes=\"auto, (max-width: 768px) 100vw, 768px\" \/><\/figure>\n\n\n\n<figure class=\"wp-block-image size-large\"><img loading=\"lazy\" decoding=\"async\" width=\"768\" height=\"1024\" data-id=\"547\" src=\"http:\/\/rosedelphine.com\/wp-content\/uploads\/2024\/12\/lombric-nu-a-la-fenetre-1-768x1024.jpg\" alt=\"\" class=\"wp-image-547\" srcset=\"https:\/\/rosedelphine.com\/wp-content\/uploads\/2024\/12\/lombric-nu-a-la-fenetre-1-768x1024.jpg 768w, https:\/\/rosedelphine.com\/wp-content\/uploads\/2024\/12\/lombric-nu-a-la-fenetre-1-225x300.jpg 225w, https:\/\/rosedelphine.com\/wp-content\/uploads\/2024\/12\/lombric-nu-a-la-fenetre-1-1152x1536.jpg 1152w, https:\/\/rosedelphine.com\/wp-content\/uploads\/2024\/12\/lombric-nu-a-la-fenetre-1-1536x2048.jpg 1536w, https:\/\/rosedelphine.com\/wp-content\/uploads\/2024\/12\/lombric-nu-a-la-fenetre-1-scaled.jpg 1920w\" sizes=\"auto, (max-width: 768px) 100vw, 768px\" \/><\/figure>\n<\/figure>\n\n\n\n<p class=\"has-small-font-size\"><em>*La Fra\u00eeche \u00e9tait un tiers lieu \u00e9ph\u00e9m\u00e8re<\/em><\/p>\n","protected":false},"excerpt":{"rendered":"<p>Ce lombric est n\u00e9 sous la lune de mars 2023 , la fameuse \u00ab lune des vers \u00bb, pour \u00ab La M\u00e9lifra\u00eeche \u00bb, dans le cadre du festival alr\u00e9en M\u00e9lisc\u00e8ne, festival de th\u00e9\u00e2tre d\u2019objets et autres formes anim\u00e9es. Au d\u00e9but de sa vie, il ne demandait qu\u2019\u00e0 se teinter du passage de nombreux couturiers et [&hellip;]<\/p>\n","protected":false},"author":1,"featured_media":0,"parent":23,"menu_order":0,"comment_status":"closed","ping_status":"closed","template":"","meta":{"footnotes":""},"class_list":["post-497","page","type-page","status-publish","hentry"],"_links":{"self":[{"href":"https:\/\/rosedelphine.com\/index.php\/wp-json\/wp\/v2\/pages\/497","targetHints":{"allow":["GET"]}}],"collection":[{"href":"https:\/\/rosedelphine.com\/index.php\/wp-json\/wp\/v2\/pages"}],"about":[{"href":"https:\/\/rosedelphine.com\/index.php\/wp-json\/wp\/v2\/types\/page"}],"author":[{"embeddable":true,"href":"https:\/\/rosedelphine.com\/index.php\/wp-json\/wp\/v2\/users\/1"}],"replies":[{"embeddable":true,"href":"https:\/\/rosedelphine.com\/index.php\/wp-json\/wp\/v2\/comments?post=497"}],"version-history":[{"count":3,"href":"https:\/\/rosedelphine.com\/index.php\/wp-json\/wp\/v2\/pages\/497\/revisions"}],"predecessor-version":[{"id":548,"href":"https:\/\/rosedelphine.com\/index.php\/wp-json\/wp\/v2\/pages\/497\/revisions\/548"}],"up":[{"embeddable":true,"href":"https:\/\/rosedelphine.com\/index.php\/wp-json\/wp\/v2\/pages\/23"}],"wp:attachment":[{"href":"https:\/\/rosedelphine.com\/index.php\/wp-json\/wp\/v2\/media?parent=497"}],"curies":[{"name":"wp","href":"https:\/\/api.w.org\/{rel}","templated":true}]}}