{"id":484,"date":"2024-10-25T18:56:55","date_gmt":"2024-10-25T16:56:55","guid":{"rendered":"http:\/\/rosedelphine.com\/?page_id=484"},"modified":"2024-12-13T19:46:50","modified_gmt":"2024-12-13T18:46:50","slug":"entre-terre-et-mer","status":"publish","type":"page","link":"https:\/\/rosedelphine.com\/index.php\/installation-et-volume\/entre-terre-et-mer\/","title":{"rendered":"Correspondance entre terre et mer"},"content":{"rendered":"\n<figure class=\"wp-block-gallery has-nested-images columns-default is-cropped wp-block-gallery-1 is-layout-flex wp-block-gallery-is-layout-flex\">\n<figure class=\"wp-block-image size-full\"><img loading=\"lazy\" decoding=\"async\" width=\"600\" height=\"800\" data-id=\"486\" src=\"http:\/\/rosedelphine.com\/wp-content\/uploads\/2024\/10\/Gilles-et-moi-sur-le-banc-.jpg\" alt=\"\" class=\"wp-image-486\" srcset=\"https:\/\/rosedelphine.com\/wp-content\/uploads\/2024\/10\/Gilles-et-moi-sur-le-banc-.jpg 600w, https:\/\/rosedelphine.com\/wp-content\/uploads\/2024\/10\/Gilles-et-moi-sur-le-banc--225x300.jpg 225w\" sizes=\"auto, (max-width: 600px) 100vw, 600px\" \/><\/figure>\n\n\n\n<figure class=\"wp-block-image size-full\"><img loading=\"lazy\" decoding=\"async\" width=\"2560\" height=\"1920\" data-id=\"487\" src=\"http:\/\/rosedelphine.com\/wp-content\/uploads\/2024\/10\/20230203_111508-scaled.jpg\" alt=\"\" class=\"wp-image-487\" srcset=\"https:\/\/rosedelphine.com\/wp-content\/uploads\/2024\/10\/20230203_111508-scaled.jpg 2560w, https:\/\/rosedelphine.com\/wp-content\/uploads\/2024\/10\/20230203_111508-300x225.jpg 300w, https:\/\/rosedelphine.com\/wp-content\/uploads\/2024\/10\/20230203_111508-1024x768.jpg 1024w, https:\/\/rosedelphine.com\/wp-content\/uploads\/2024\/10\/20230203_111508-768x576.jpg 768w, https:\/\/rosedelphine.com\/wp-content\/uploads\/2024\/10\/20230203_111508-1536x1152.jpg 1536w, https:\/\/rosedelphine.com\/wp-content\/uploads\/2024\/10\/20230203_111508-2048x1536.jpg 2048w\" sizes=\"auto, (max-width: 2560px) 100vw, 2560px\" \/><\/figure>\n<\/figure>\n\n\n\n<p>A l\u2019occasion du <strong><em>F<\/em><\/strong><strong><em>estival des lettres d\u2019<\/em><\/strong><strong><em>amour<\/em><\/strong>, organis\u00e9 par l\u2019association <strong><em>A l<\/em><\/strong><strong><em>\u2019<\/em><\/strong><strong><em>assaut des rues <\/em><\/strong>\u00e0 Auray, <strong>Gilles Gautier et Delphine Rose <\/strong>se sont renvoy\u00e9s une m\u00eame lettre \u00e0 poursuivre pour \u00e9prouver l\u2019exp\u00e9rience d\u2019une correspondance pendant les quelques s\u00e9parations physiques qui rythment leur mode de vie amoureuse.<\/p>\n\n\n\n<p>Ils proposent sous forme ludique, d\u2019<strong>\u00e9tablir le contact (th\u00e8me de cette ann\u00e9e post covid) avec les <\/strong><strong>habitants d\u2019<\/strong><strong>Auray et ses visiteurs<\/strong>, en les invitant \u00e0 reconstituer une chronologie de leurs \u00e9changes dont les phrases seront dispers\u00e9es sur les murs de la ville.<\/p>\n\n\n\n<p>Il s\u2019agit de leur 3eme cr\u00e9ation commune.<\/p>\n\n\n\n<h3 class=\"wp-block-heading\"><em>&#8211; Extraits &#8211;<\/em><\/h3>\n\n\n\n<figure class=\"wp-block-image size-full\"><img loading=\"lazy\" decoding=\"async\" width=\"630\" height=\"637\" src=\"http:\/\/rosedelphine.com\/wp-content\/uploads\/2024\/10\/Capture-decran-2024-10-25-a-18.53.34.png\" alt=\"\" class=\"wp-image-488\" srcset=\"https:\/\/rosedelphine.com\/wp-content\/uploads\/2024\/10\/Capture-decran-2024-10-25-a-18.53.34.png 630w, https:\/\/rosedelphine.com\/wp-content\/uploads\/2024\/10\/Capture-decran-2024-10-25-a-18.53.34-297x300.png 297w\" sizes=\"auto, (max-width: 630px) 100vw, 630px\" \/><\/figure>\n\n\n\n<figure class=\"wp-block-image size-full\"><img loading=\"lazy\" decoding=\"async\" width=\"640\" height=\"503\" src=\"http:\/\/rosedelphine.com\/wp-content\/uploads\/2024\/10\/Capture-decran-2024-10-25-a-18.53.49.png\" alt=\"\" class=\"wp-image-489\" srcset=\"https:\/\/rosedelphine.com\/wp-content\/uploads\/2024\/10\/Capture-decran-2024-10-25-a-18.53.49.png 640w, https:\/\/rosedelphine.com\/wp-content\/uploads\/2024\/10\/Capture-decran-2024-10-25-a-18.53.49-300x236.png 300w\" sizes=\"auto, (max-width: 640px) 100vw, 640px\" \/><\/figure>\n\n\n\n<figure class=\"wp-block-image size-full\"><img loading=\"lazy\" decoding=\"async\" width=\"501\" height=\"643\" src=\"http:\/\/rosedelphine.com\/wp-content\/uploads\/2024\/10\/Capture-decran-2024-10-25-a-18.54.18.png\" alt=\"\" class=\"wp-image-490\" srcset=\"https:\/\/rosedelphine.com\/wp-content\/uploads\/2024\/10\/Capture-decran-2024-10-25-a-18.54.18.png 501w, https:\/\/rosedelphine.com\/wp-content\/uploads\/2024\/10\/Capture-decran-2024-10-25-a-18.54.18-234x300.png 234w\" sizes=\"auto, (max-width: 501px) 100vw, 501px\" \/><\/figure>\n","protected":false},"excerpt":{"rendered":"<p>A l\u2019occasion du Festival des lettres d\u2019amour, organis\u00e9 par l\u2019association A l\u2019assaut des rues \u00e0 Auray, Gilles Gautier et Delphine Rose se sont renvoy\u00e9s une m\u00eame lettre \u00e0 poursuivre pour \u00e9prouver l\u2019exp\u00e9rience d\u2019une correspondance pendant les quelques s\u00e9parations physiques qui rythment leur mode de vie amoureuse. Ils proposent sous forme ludique, d\u2019\u00e9tablir le contact (th\u00e8me [&hellip;]<\/p>\n","protected":false},"author":1,"featured_media":0,"parent":19,"menu_order":0,"comment_status":"closed","ping_status":"closed","template":"","meta":{"footnotes":""},"class_list":["post-484","page","type-page","status-publish","hentry"],"_links":{"self":[{"href":"https:\/\/rosedelphine.com\/index.php\/wp-json\/wp\/v2\/pages\/484","targetHints":{"allow":["GET"]}}],"collection":[{"href":"https:\/\/rosedelphine.com\/index.php\/wp-json\/wp\/v2\/pages"}],"about":[{"href":"https:\/\/rosedelphine.com\/index.php\/wp-json\/wp\/v2\/types\/page"}],"author":[{"embeddable":true,"href":"https:\/\/rosedelphine.com\/index.php\/wp-json\/wp\/v2\/users\/1"}],"replies":[{"embeddable":true,"href":"https:\/\/rosedelphine.com\/index.php\/wp-json\/wp\/v2\/comments?post=484"}],"version-history":[{"count":2,"href":"https:\/\/rosedelphine.com\/index.php\/wp-json\/wp\/v2\/pages\/484\/revisions"}],"predecessor-version":[{"id":491,"href":"https:\/\/rosedelphine.com\/index.php\/wp-json\/wp\/v2\/pages\/484\/revisions\/491"}],"up":[{"embeddable":true,"href":"https:\/\/rosedelphine.com\/index.php\/wp-json\/wp\/v2\/pages\/19"}],"wp:attachment":[{"href":"https:\/\/rosedelphine.com\/index.php\/wp-json\/wp\/v2\/media?parent=484"}],"curies":[{"name":"wp","href":"https:\/\/api.w.org\/{rel}","templated":true}]}}