{"id":46,"date":"2024-04-23T15:47:04","date_gmt":"2024-04-23T13:47:04","guid":{"rendered":"http:\/\/rosedelphine.com\/?page_id=46"},"modified":"2024-04-24T00:01:12","modified_gmt":"2024-04-23T22:01:12","slug":"le-sol-3-installations","status":"publish","type":"page","link":"https:\/\/rosedelphine.com\/index.php\/installation-et-volume\/le-sol-3-installations\/","title":{"rendered":"Le sol, 3 installations"},"content":{"rendered":"\n<figure class=\"wp-block-image size-full\"><img loading=\"lazy\" decoding=\"async\" width=\"675\" height=\"900\" src=\"http:\/\/rosedelphine.com\/wp-content\/uploads\/2024\/04\/Solidarite-n1.jpg\" alt=\"\" class=\"wp-image-192\" srcset=\"https:\/\/rosedelphine.com\/wp-content\/uploads\/2024\/04\/Solidarite-n1.jpg 675w, https:\/\/rosedelphine.com\/wp-content\/uploads\/2024\/04\/Solidarite-n1-225x300.jpg 225w\" sizes=\"auto, (max-width: 675px) 100vw, 675px\" \/><\/figure>\n\n\n\n<p>L\u2019ascension d\u2019une \u00e9chelle et d\u2019une plante.<br>Un tuteur pour les yeux.<br>Aller plus haut, plus loin mais o\u00f9 cela donc ?<br>Comp\u00e9tition compulsive.<br>Les barreaux graduent l\u2019infini du ciel.<br>Les barreaux comptent la s\u00e9paration du sol, de la fange qui nourrit le plante et pourrit l\u2019\u00e9chelle:<br>s Solidarit\u00e9 n\u00b02, bois et plante, 10 m, Flora Atlantica, Le Porge (33), 2006<\/p>\n\n\n\n<figure class=\"wp-block-image size-full\"><img loading=\"lazy\" decoding=\"async\" width=\"675\" height=\"900\" src=\"http:\/\/rosedelphine.com\/wp-content\/uploads\/2024\/04\/Souche.jpg\" alt=\"\" class=\"wp-image-194\" srcset=\"https:\/\/rosedelphine.com\/wp-content\/uploads\/2024\/04\/Souche.jpg 675w, https:\/\/rosedelphine.com\/wp-content\/uploads\/2024\/04\/Souche-225x300.jpg 225w\" sizes=\"auto, (max-width: 675px) 100vw, 675px\" \/><\/figure>\n\n\n\n<p>S\u2019all\u00e9ger de ses racines \/ Section art.<br>Crever le sol, le regarder d\u2019ailleurs.<br>\u00catre astral.<br>Entre deux peaux ou deux os<br>D\u00e9gager l\u2019Organe, exposer l\u2019Organe.<br>Le regarder d\u2019envie.<br>Ailleurs que chez soi constater qu\u2019il vit, partout il bout.<br>Ailleurs que dans la boue, il bat.<br>Aussi.<br>Trou \u00e0 souris, nid \u00e0 id\u00e9es, maison de f\u00e9es, petit cagibi d\u2019araign\u00e9es,<br>Le recel du R\u00e9el.<br>Sans titre, souche, chanvre et son, 5 x 5 x 5 m, Flora Atlantica, Le Porge (33), 2006<\/p>\n\n\n\n<figure class=\"wp-block-image size-full\"><img loading=\"lazy\" decoding=\"async\" width=\"675\" height=\"900\" src=\"http:\/\/rosedelphine.com\/wp-content\/uploads\/2024\/04\/Procession-de-chaussures-orphelines-detail.jpg\" alt=\"\" class=\"wp-image-195\" srcset=\"https:\/\/rosedelphine.com\/wp-content\/uploads\/2024\/04\/Procession-de-chaussures-orphelines-detail.jpg 675w, https:\/\/rosedelphine.com\/wp-content\/uploads\/2024\/04\/Procession-de-chaussures-orphelines-detail-225x300.jpg 225w\" sizes=\"auto, (max-width: 675px) 100vw, 675px\" \/><\/figure>\n\n\n\n<p>Fouler le sol, faucher des vies<br>Le sol, un terrain de jeu min\u00e9, un terrain de guerre juteux<br>Des chevilles processionnaires hantent le parterre<br>Un crat\u00e8re \u00e0 la place du pied<br>Une chaussure abandonn\u00e9e, x fois etc\u2026<br>Antipersonnelles<br>Pas d\u2019odeur, pas de couleur, pas de valeur<br>Marcher droit m\u00eame atrophi\u00e9<br>O\u00f9 vont elles les orphelines?<br>Se faire recycler au Paradis, \u00e7a n\u2019a pas de prix !<br>Procession de chaussures orphelines, diff\u00e9rentes pointures, Flora Atlantica,<br>Le Porge (33), 2006<\/p>\n","protected":false},"excerpt":{"rendered":"<p>L\u2019ascension d\u2019une \u00e9chelle et d\u2019une plante.Un tuteur pour les yeux.Aller plus haut, plus loin mais o\u00f9 cela donc ?Comp\u00e9tition compulsive.Les barreaux graduent l\u2019infini du ciel.Les barreaux comptent la s\u00e9paration du sol, de la fange qui nourrit le plante et pourrit l\u2019\u00e9chelle:s Solidarit\u00e9 n\u00b02, bois et plante, 10 m, Flora Atlantica, Le Porge (33), 2006 S\u2019all\u00e9ger [&hellip;]<\/p>\n","protected":false},"author":1,"featured_media":0,"parent":19,"menu_order":0,"comment_status":"closed","ping_status":"closed","template":"","meta":{"footnotes":""},"class_list":["post-46","page","type-page","status-publish","hentry"],"_links":{"self":[{"href":"https:\/\/rosedelphine.com\/index.php\/wp-json\/wp\/v2\/pages\/46","targetHints":{"allow":["GET"]}}],"collection":[{"href":"https:\/\/rosedelphine.com\/index.php\/wp-json\/wp\/v2\/pages"}],"about":[{"href":"https:\/\/rosedelphine.com\/index.php\/wp-json\/wp\/v2\/types\/page"}],"author":[{"embeddable":true,"href":"https:\/\/rosedelphine.com\/index.php\/wp-json\/wp\/v2\/users\/1"}],"replies":[{"embeddable":true,"href":"https:\/\/rosedelphine.com\/index.php\/wp-json\/wp\/v2\/comments?post=46"}],"version-history":[{"count":3,"href":"https:\/\/rosedelphine.com\/index.php\/wp-json\/wp\/v2\/pages\/46\/revisions"}],"predecessor-version":[{"id":196,"href":"https:\/\/rosedelphine.com\/index.php\/wp-json\/wp\/v2\/pages\/46\/revisions\/196"}],"up":[{"embeddable":true,"href":"https:\/\/rosedelphine.com\/index.php\/wp-json\/wp\/v2\/pages\/19"}],"wp:attachment":[{"href":"https:\/\/rosedelphine.com\/index.php\/wp-json\/wp\/v2\/media?parent=46"}],"curies":[{"name":"wp","href":"https:\/\/api.w.org\/{rel}","templated":true}]}}