{"id":440,"date":"2024-10-23T20:01:44","date_gmt":"2024-10-23T18:01:44","guid":{"rendered":"http:\/\/rosedelphine.com\/?page_id=440"},"modified":"2024-12-13T19:42:24","modified_gmt":"2024-12-13T18:42:24","slug":"raconter-des-salades","status":"publish","type":"page","link":"https:\/\/rosedelphine.com\/index.php\/action-artistique\/raconter-des-salades\/","title":{"rendered":"(Ra)conter des salades"},"content":{"rendered":"\n<p class=\"has-text-align-left\">Cette \u0153uvre est r\u00e9alis\u00e9e en collaboration avec les escargots de mon jardin, qui apr\u00e8s avoir fait de la dentelle avec mon courrier oubli\u00e9 dans la bo\u00eete aux lettres, ont litt\u00e9ralement pris cette phrase \u00ab&nbsp;(RA)CONTER DES SALADES&nbsp;\u00bb pour argent contant et ont grignot\u00e9 la phrase nuit apr\u00e8s nuit, \u00e0 leur rythme d\u2019escargot.<\/p>\n\n\n\n<p class=\"has-text-align-center\"><strong>Les escargots sont mes ami.e.s d\u2019enfance :<\/strong><\/p>\n\n\n\n<p>Deux antennes vers le sol, deux antennes vers la Lune, ils sont connect\u00e9es au ciel et \u00e0 la terre et peuvent se diriger dans toutes les directions.<br>Tout terrain, ils \u00e9pousent les formes, ils s\u2019adaptent aux propositions du chemin qui est le leur.<br>Ils glissent sur les mati\u00e8res gr\u00e2ce \u00e0 leurs s\u00e9cr\u00e9tions argent\u00e9es qui d\u00e9roulent de longs messages comme un parchemin cod\u00e9. Une trace pour communier.<br>Doubles paires d\u2019antennes r\u00e9tractiles et \u00e9tirables comme certaines parties du sexe, qu\u2019ils ont d\u2019ailleurs f\u00e9minin et masculin puisqu\u2019ils sont hermaphrodites. Ils sont fascinants&nbsp;!<br>Coquille calcium en colima\u00e7on, corps souple diaphane aux ondulations hypnotiques, son existence s\u2019enroule autour du nombre d\u2019or&nbsp;: ce sont mes ami.e.s. d\u2019enfance merveilleuse.<\/p>\n\n\n\n<p><strong>\u00ab&nbsp;(RA)CONTER DES SALADES&nbsp;\u00bb parle de mes croyances d\u2019enfants qui me nourrissent au pr\u00e9sent de salades imaginaires \u00e0 partager.<\/strong><\/p>\n\n\n\n<figure class=\"wp-block-gallery has-nested-images columns-default is-cropped wp-block-gallery-1 is-layout-flex wp-block-gallery-is-layout-flex\">\n<figure class=\"wp-block-image size-large\"><img loading=\"lazy\" decoding=\"async\" width=\"692\" height=\"1024\" data-id=\"446\" src=\"http:\/\/rosedelphine.com\/wp-content\/uploads\/2024\/10\/Photo-escargot-1-692x1024.jpg\" alt=\"\" class=\"wp-image-446\" srcset=\"https:\/\/rosedelphine.com\/wp-content\/uploads\/2024\/10\/Photo-escargot-1-692x1024.jpg 692w, https:\/\/rosedelphine.com\/wp-content\/uploads\/2024\/10\/Photo-escargot-1-203x300.jpg 203w, https:\/\/rosedelphine.com\/wp-content\/uploads\/2024\/10\/Photo-escargot-1-768x1136.jpg 768w, https:\/\/rosedelphine.com\/wp-content\/uploads\/2024\/10\/Photo-escargot-1-1038x1536.jpg 1038w, https:\/\/rosedelphine.com\/wp-content\/uploads\/2024\/10\/Photo-escargot-1-1385x2048.jpg 1385w, https:\/\/rosedelphine.com\/wp-content\/uploads\/2024\/10\/Photo-escargot-1-scaled.jpg 1731w\" sizes=\"auto, (max-width: 692px) 100vw, 692px\" \/><\/figure>\n\n\n\n<figure class=\"wp-block-image size-large\"><img loading=\"lazy\" decoding=\"async\" width=\"808\" height=\"1024\" data-id=\"442\" src=\"http:\/\/rosedelphine.com\/wp-content\/uploads\/2024\/10\/IMG_6982-Copie-2-808x1024.jpg\" alt=\"\" class=\"wp-image-442\" srcset=\"https:\/\/rosedelphine.com\/wp-content\/uploads\/2024\/10\/IMG_6982-Copie-2-808x1024.jpg 808w, https:\/\/rosedelphine.com\/wp-content\/uploads\/2024\/10\/IMG_6982-Copie-2-237x300.jpg 237w, https:\/\/rosedelphine.com\/wp-content\/uploads\/2024\/10\/IMG_6982-Copie-2-768x974.jpg 768w, https:\/\/rosedelphine.com\/wp-content\/uploads\/2024\/10\/IMG_6982-Copie-2-1211x1536.jpg 1211w, https:\/\/rosedelphine.com\/wp-content\/uploads\/2024\/10\/IMG_6982-Copie-2-1615x2048.jpg 1615w, https:\/\/rosedelphine.com\/wp-content\/uploads\/2024\/10\/IMG_6982-Copie-2-scaled.jpg 2019w\" sizes=\"auto, (max-width: 808px) 100vw, 808px\" \/><\/figure>\n\n\n\n<figure class=\"wp-block-image size-large\"><img loading=\"lazy\" decoding=\"async\" width=\"835\" height=\"1024\" data-id=\"444\" src=\"http:\/\/rosedelphine.com\/wp-content\/uploads\/2024\/10\/IMG_6981-Copie-2-835x1024.jpg\" alt=\"\" class=\"wp-image-444\" srcset=\"https:\/\/rosedelphine.com\/wp-content\/uploads\/2024\/10\/IMG_6981-Copie-2-835x1024.jpg 835w, https:\/\/rosedelphine.com\/wp-content\/uploads\/2024\/10\/IMG_6981-Copie-2-245x300.jpg 245w, https:\/\/rosedelphine.com\/wp-content\/uploads\/2024\/10\/IMG_6981-Copie-2-768x942.jpg 768w, https:\/\/rosedelphine.com\/wp-content\/uploads\/2024\/10\/IMG_6981-Copie-2-1253x1536.jpg 1253w, https:\/\/rosedelphine.com\/wp-content\/uploads\/2024\/10\/IMG_6981-Copie-2-1670x2048.jpg 1670w\" sizes=\"auto, (max-width: 835px) 100vw, 835px\" \/><\/figure>\n\n\n\n<figure class=\"wp-block-image size-large\"><img loading=\"lazy\" decoding=\"async\" width=\"1024\" height=\"704\" data-id=\"443\" src=\"http:\/\/rosedelphine.com\/wp-content\/uploads\/2024\/10\/IMG_6978-Copie-2-1024x704.jpg\" alt=\"\" class=\"wp-image-443\" srcset=\"https:\/\/rosedelphine.com\/wp-content\/uploads\/2024\/10\/IMG_6978-Copie-2-1024x704.jpg 1024w, https:\/\/rosedelphine.com\/wp-content\/uploads\/2024\/10\/IMG_6978-Copie-2-300x206.jpg 300w, https:\/\/rosedelphine.com\/wp-content\/uploads\/2024\/10\/IMG_6978-Copie-2-768x528.jpg 768w, https:\/\/rosedelphine.com\/wp-content\/uploads\/2024\/10\/IMG_6978-Copie-2-1536x1056.jpg 1536w, https:\/\/rosedelphine.com\/wp-content\/uploads\/2024\/10\/IMG_6978-Copie-2-2048x1408.jpg 2048w\" sizes=\"auto, (max-width: 1024px) 100vw, 1024px\" \/><\/figure>\n<\/figure>\n","protected":false},"excerpt":{"rendered":"<p>Cette \u0153uvre est r\u00e9alis\u00e9e en collaboration avec les escargots de mon jardin, qui apr\u00e8s avoir fait de la dentelle avec mon courrier oubli\u00e9 dans la bo\u00eete aux lettres, ont litt\u00e9ralement pris cette phrase \u00ab&nbsp;(RA)CONTER DES SALADES&nbsp;\u00bb pour argent contant et ont grignot\u00e9 la phrase nuit apr\u00e8s nuit, \u00e0 leur rythme d\u2019escargot. Les escargots sont mes [&hellip;]<\/p>\n","protected":false},"author":1,"featured_media":0,"parent":23,"menu_order":0,"comment_status":"closed","ping_status":"closed","template":"","meta":{"footnotes":""},"class_list":["post-440","page","type-page","status-publish","hentry"],"_links":{"self":[{"href":"https:\/\/rosedelphine.com\/index.php\/wp-json\/wp\/v2\/pages\/440","targetHints":{"allow":["GET"]}}],"collection":[{"href":"https:\/\/rosedelphine.com\/index.php\/wp-json\/wp\/v2\/pages"}],"about":[{"href":"https:\/\/rosedelphine.com\/index.php\/wp-json\/wp\/v2\/types\/page"}],"author":[{"embeddable":true,"href":"https:\/\/rosedelphine.com\/index.php\/wp-json\/wp\/v2\/users\/1"}],"replies":[{"embeddable":true,"href":"https:\/\/rosedelphine.com\/index.php\/wp-json\/wp\/v2\/comments?post=440"}],"version-history":[{"count":2,"href":"https:\/\/rosedelphine.com\/index.php\/wp-json\/wp\/v2\/pages\/440\/revisions"}],"predecessor-version":[{"id":551,"href":"https:\/\/rosedelphine.com\/index.php\/wp-json\/wp\/v2\/pages\/440\/revisions\/551"}],"up":[{"embeddable":true,"href":"https:\/\/rosedelphine.com\/index.php\/wp-json\/wp\/v2\/pages\/23"}],"wp:attachment":[{"href":"https:\/\/rosedelphine.com\/index.php\/wp-json\/wp\/v2\/media?parent=440"}],"curies":[{"name":"wp","href":"https:\/\/api.w.org\/{rel}","templated":true}]}}