{"id":44,"date":"2024-04-23T15:46:03","date_gmt":"2024-04-23T13:46:03","guid":{"rendered":"http:\/\/rosedelphine.com\/?page_id=44"},"modified":"2024-04-24T15:02:55","modified_gmt":"2024-04-24T13:02:55","slug":"rira-bien-qui-rira-le-dernier","status":"publish","type":"page","link":"https:\/\/rosedelphine.com\/index.php\/installation-et-volume\/rira-bien-qui-rira-le-dernier\/","title":{"rendered":"Rira bien qui rira le dernier"},"content":{"rendered":"\n<p>Lacanau &#8211; 2008<\/p>\n\n\n\n<p>Cinquante ballons baudruches, une foule de t\u00eates hilares qui rigolent compulsivement \u00e0 la surface de l\u2019eau. Un rire surfait, \u00e0 la communication hexog\u00e8ne puisque c\u2019est le vent et le clapot de l\u2019eau qui le provoque.<\/p>\n\n\n\n<figure class=\"wp-block-gallery has-nested-images columns-default is-cropped wp-block-gallery-1 is-layout-flex wp-block-gallery-is-layout-flex\">\n<figure class=\"wp-block-image size-large\"><img loading=\"lazy\" decoding=\"async\" width=\"1024\" height=\"682\" data-id=\"190\" src=\"http:\/\/rosedelphine.com\/wp-content\/uploads\/2024\/04\/50-tetes-1024x682-1.jpg\" alt=\"\" class=\"wp-image-190\" srcset=\"https:\/\/rosedelphine.com\/wp-content\/uploads\/2024\/04\/50-tetes-1024x682-1.jpg 1024w, https:\/\/rosedelphine.com\/wp-content\/uploads\/2024\/04\/50-tetes-1024x682-1-300x200.jpg 300w, https:\/\/rosedelphine.com\/wp-content\/uploads\/2024\/04\/50-tetes-1024x682-1-768x512.jpg 768w\" sizes=\"auto, (max-width: 1024px) 100vw, 1024px\" \/><\/figure>\n\n\n\n<figure class=\"wp-block-image size-large\"><img loading=\"lazy\" decoding=\"async\" width=\"214\" height=\"300\" data-id=\"187\" src=\"http:\/\/rosedelphine.com\/wp-content\/uploads\/2024\/04\/2008-installation-immergee-214x300-1.jpg\" alt=\"\" class=\"wp-image-187\"\/><\/figure>\n\n\n\n<figure class=\"wp-block-image size-large\"><img loading=\"lazy\" decoding=\"async\" width=\"1024\" height=\"682\" data-id=\"188\" src=\"http:\/\/rosedelphine.com\/wp-content\/uploads\/2024\/04\/visite-en-pedalo-de-lexposition-1024x682-1.jpg\" alt=\"\" class=\"wp-image-188\" srcset=\"https:\/\/rosedelphine.com\/wp-content\/uploads\/2024\/04\/visite-en-pedalo-de-lexposition-1024x682-1.jpg 1024w, https:\/\/rosedelphine.com\/wp-content\/uploads\/2024\/04\/visite-en-pedalo-de-lexposition-1024x682-1-300x200.jpg 300w, https:\/\/rosedelphine.com\/wp-content\/uploads\/2024\/04\/visite-en-pedalo-de-lexposition-1024x682-1-768x512.jpg 768w\" sizes=\"auto, (max-width: 1024px) 100vw, 1024px\" \/><\/figure>\n<\/figure>\n\n\n\n<p>Ces t\u00eates semblent toutes identiques, elles se ressemblent et se confondent, elles n\u2019ont \u00e0 priori pas d\u2019identit\u00e9 et ne connaissent qu\u2019un seul et m\u00eame refrain : le rire sans objet. Delphine Rose d\u00e9peint avec un certain cynisme un des spectacles quotidien qui anime le site de Lacanau pendant l\u2019\u00e9t\u00e9. Lacanau, silencieuse en hiver, est gagn\u00e9e par l\u2019artifice, par les remous collectifs pendant les quelques mois o\u00f9 le climat lui est favorable. Si ce ph\u00e9nom\u00e8ne est certes profitable au tourisme et au commerce, il a in\u00e9vitablement une influence sur l\u2019environnement et sa gestion. Ces flux migratoires contrast\u00e9s, cette occupation du territoire en p\u00e9riode estivale modifie le paysage. La densit\u00e9 humaine excessive de l\u2019\u00e9t\u00e9 semble \u00eatre le pharmakon de Lacanau : elle en est \u00e0 la fois le rem\u00e8de par la prosp\u00e9rit\u00e9 \u00e9conomique qu\u2019elle engendre et le danger par les mesures qu\u2019elle impose\u2026 Une ran\u00e7on am\u00e8re \u00e0 une ville qui s\u2019est constitu\u00e9e pour le meilleur et pour le pire, une r\u00e9putation de \u201clieu mythique\u201d.<\/p>\n\n\n\n<p>Ces pics de fr\u00e9quentation appellent une gestion quasi urbaine pour une ville qui s\u2019est construite autour de qualit\u00e9s environnementales. L\u2019artiste nous met face \u00e0 une situation contradictoire et nous met face \u00e0 une situation \u00e9cologique en d\u00e9bat.<\/p>\n\n\n\n<p>Les rire de baudruches de Delphine Rose \u00e9clatent les uns apr\u00e8s les autres. Ils ont une vie \u00e9ph\u00e9m\u00e8re et disparaissent au fur et \u00e0 mesure de l\u2019exposition, \u00e0 l\u2019image du profil d\u00e9mographique de la station baln\u00e9aire.<\/p>\n","protected":false},"excerpt":{"rendered":"<p>Lacanau &#8211; 2008 Cinquante ballons baudruches, une foule de t\u00eates hilares qui rigolent compulsivement \u00e0 la surface de l\u2019eau. Un rire surfait, \u00e0 la communication hexog\u00e8ne puisque c\u2019est le vent et le clapot de l\u2019eau qui le provoque. Ces t\u00eates semblent toutes identiques, elles se ressemblent et se confondent, elles n\u2019ont \u00e0 priori pas d\u2019identit\u00e9 [&hellip;]<\/p>\n","protected":false},"author":1,"featured_media":0,"parent":19,"menu_order":0,"comment_status":"closed","ping_status":"closed","template":"","meta":{"footnotes":""},"class_list":["post-44","page","type-page","status-publish","hentry"],"_links":{"self":[{"href":"https:\/\/rosedelphine.com\/index.php\/wp-json\/wp\/v2\/pages\/44","targetHints":{"allow":["GET"]}}],"collection":[{"href":"https:\/\/rosedelphine.com\/index.php\/wp-json\/wp\/v2\/pages"}],"about":[{"href":"https:\/\/rosedelphine.com\/index.php\/wp-json\/wp\/v2\/types\/page"}],"author":[{"embeddable":true,"href":"https:\/\/rosedelphine.com\/index.php\/wp-json\/wp\/v2\/users\/1"}],"replies":[{"embeddable":true,"href":"https:\/\/rosedelphine.com\/index.php\/wp-json\/wp\/v2\/comments?post=44"}],"version-history":[{"count":5,"href":"https:\/\/rosedelphine.com\/index.php\/wp-json\/wp\/v2\/pages\/44\/revisions"}],"predecessor-version":[{"id":380,"href":"https:\/\/rosedelphine.com\/index.php\/wp-json\/wp\/v2\/pages\/44\/revisions\/380"}],"up":[{"embeddable":true,"href":"https:\/\/rosedelphine.com\/index.php\/wp-json\/wp\/v2\/pages\/19"}],"wp:attachment":[{"href":"https:\/\/rosedelphine.com\/index.php\/wp-json\/wp\/v2\/media?parent=44"}],"curies":[{"name":"wp","href":"https:\/\/api.w.org\/{rel}","templated":true}]}}