{"id":40,"date":"2024-04-23T15:45:14","date_gmt":"2024-04-23T13:45:14","guid":{"rendered":"http:\/\/rosedelphine.com\/?page_id=40"},"modified":"2024-04-24T15:50:13","modified_gmt":"2024-04-24T13:50:13","slug":"la-chapelle-de-belean","status":"publish","type":"page","link":"https:\/\/rosedelphine.com\/index.php\/installation-et-volume\/la-chapelle-de-belean\/","title":{"rendered":"La chapelle de B\u00e9l\u00e9an"},"content":{"rendered":"\n<p>Les t\u00e2ches d\u2019humidit\u00e9 sur les murs de la chapelle de B\u00e9l\u00e9an (56) dessinent une cartographie. Pour r\u00e9pondre \u00e0 la th\u00e9matique du festival d\u2019art contemporain \u201cArt Capella\u201d dont le th\u00e8me de l\u2019ann\u00e9e 2011 \u00e9tait celui de \u201cAventure et \u00e9quilibre\u201d, Delphine Rose invite les visiteurs \u00e0 voyager en mettant \u00e0 leur disposition une multitude de points d\u2019accroche et des bobines de fils color\u00e9s afin qu\u2019ils tracent leurs trajectoires (titre de l\u2019installation). L\u2019\u0153uvre interactive se d\u00e9veloppe tout au long de l\u2019exposition d\u2019une dur\u00e9e de 3 semaines.<\/p>\n\n\n\n<figure class=\"wp-block-gallery has-nested-images columns-default is-cropped wp-block-gallery-1 is-layout-flex wp-block-gallery-is-layout-flex\">\n<figure data-wp-context=\"{&quot;imageId&quot;:&quot;6a01c1100f834&quot;}\" data-wp-interactive=\"core\/image\" data-wp-key=\"6a01c1100f834\" class=\"wp-block-image size-large wp-lightbox-container\"><img loading=\"lazy\" decoding=\"async\" width=\"225\" height=\"300\" data-wp-class--hide=\"state.isContentHidden\" data-wp-class--show=\"state.isContentVisible\" data-wp-init=\"callbacks.setButtonStyles\" data-wp-on--click=\"actions.showLightbox\" data-wp-on--load=\"callbacks.setButtonStyles\" data-wp-on-window--resize=\"callbacks.setButtonStyles\" data-id=\"175\" src=\"http:\/\/rosedelphine.com\/wp-content\/uploads\/2024\/04\/Belean-peda-225x300-1.jpg\" alt=\"\" class=\"wp-image-175\"\/><button\n\t\t\tclass=\"lightbox-trigger\"\n\t\t\ttype=\"button\"\n\t\t\taria-haspopup=\"dialog\"\n\t\t\taria-label=\"Agrandir\"\n\t\t\tdata-wp-init=\"callbacks.initTriggerButton\"\n\t\t\tdata-wp-on--click=\"actions.showLightbox\"\n\t\t\tdata-wp-style--right=\"state.imageButtonRight\"\n\t\t\tdata-wp-style--top=\"state.imageButtonTop\"\n\t\t>\n\t\t\t<svg xmlns=\"http:\/\/www.w3.org\/2000\/svg\" width=\"12\" height=\"12\" fill=\"none\" viewBox=\"0 0 12 12\">\n\t\t\t\t<path fill=\"#fff\" d=\"M2 0a2 2 0 0 0-2 2v2h1.5V2a.5.5 0 0 1 .5-.5h2V0H2Zm2 10.5H2a.5.5 0 0 1-.5-.5V8H0v2a2 2 0 0 0 2 2h2v-1.5ZM8 12v-1.5h2a.5.5 0 0 0 .5-.5V8H12v2a2 2 0 0 1-2 2H8Zm2-12a2 2 0 0 1 2 2v2h-1.5V2a.5.5 0 0 0-.5-.5H8V0h2Z\" \/>\n\t\t\t<\/svg>\n\t\t<\/button><figcaption class=\"wp-element-caption\">Visite et participation \u00e0 l\u2019\u0153uvre \u00ab\u00a0trajectoires\u00a0\u00bb<\/figcaption><\/figure>\n\n\n\n<figure data-wp-context=\"{&quot;imageId&quot;:&quot;6a01c1100fde3&quot;}\" data-wp-interactive=\"core\/image\" data-wp-key=\"6a01c1100fde3\" class=\"wp-block-image size-large wp-lightbox-container\"><img loading=\"lazy\" decoding=\"async\" width=\"1024\" height=\"768\" data-wp-class--hide=\"state.isContentHidden\" data-wp-class--show=\"state.isContentVisible\" data-wp-init=\"callbacks.setButtonStyles\" data-wp-on--click=\"actions.showLightbox\" data-wp-on--load=\"callbacks.setButtonStyles\" data-wp-on-window--resize=\"callbacks.setButtonStyles\" data-id=\"178\" src=\"http:\/\/rosedelphine.com\/wp-content\/uploads\/2024\/04\/Belean-2-1024x768-1.jpg\" alt=\"\" class=\"wp-image-178\" srcset=\"https:\/\/rosedelphine.com\/wp-content\/uploads\/2024\/04\/Belean-2-1024x768-1.jpg 1024w, https:\/\/rosedelphine.com\/wp-content\/uploads\/2024\/04\/Belean-2-1024x768-1-300x225.jpg 300w, https:\/\/rosedelphine.com\/wp-content\/uploads\/2024\/04\/Belean-2-1024x768-1-768x576.jpg 768w\" sizes=\"auto, (max-width: 1024px) 100vw, 1024px\" \/><button\n\t\t\tclass=\"lightbox-trigger\"\n\t\t\ttype=\"button\"\n\t\t\taria-haspopup=\"dialog\"\n\t\t\taria-label=\"Agrandir\"\n\t\t\tdata-wp-init=\"callbacks.initTriggerButton\"\n\t\t\tdata-wp-on--click=\"actions.showLightbox\"\n\t\t\tdata-wp-style--right=\"state.imageButtonRight\"\n\t\t\tdata-wp-style--top=\"state.imageButtonTop\"\n\t\t>\n\t\t\t<svg xmlns=\"http:\/\/www.w3.org\/2000\/svg\" width=\"12\" height=\"12\" fill=\"none\" viewBox=\"0 0 12 12\">\n\t\t\t\t<path fill=\"#fff\" d=\"M2 0a2 2 0 0 0-2 2v2h1.5V2a.5.5 0 0 1 .5-.5h2V0H2Zm2 10.5H2a.5.5 0 0 1-.5-.5V8H0v2a2 2 0 0 0 2 2h2v-1.5ZM8 12v-1.5h2a.5.5 0 0 0 .5-.5V8H12v2a2 2 0 0 1-2 2H8Zm2-12a2 2 0 0 1 2 2v2h-1.5V2a.5.5 0 0 0-.5-.5H8V0h2Z\" \/>\n\t\t\t<\/svg>\n\t\t<\/button><figcaption class=\"wp-element-caption\">Fils de coton<br> et 1000 punaises<\/figcaption><\/figure>\n\n\n\n<figure data-wp-context=\"{&quot;imageId&quot;:&quot;6a01c11010323&quot;}\" data-wp-interactive=\"core\/image\" data-wp-key=\"6a01c11010323\" class=\"wp-block-image size-large wp-lightbox-container\"><img loading=\"lazy\" decoding=\"async\" width=\"1024\" height=\"768\" data-wp-class--hide=\"state.isContentHidden\" data-wp-class--show=\"state.isContentVisible\" data-wp-init=\"callbacks.setButtonStyles\" data-wp-on--click=\"actions.showLightbox\" data-wp-on--load=\"callbacks.setButtonStyles\" data-wp-on-window--resize=\"callbacks.setButtonStyles\" data-id=\"176\" src=\"http:\/\/rosedelphine.com\/wp-content\/uploads\/2024\/04\/IMG_08031-1024x768-1.jpg\" alt=\"\" class=\"wp-image-176\" srcset=\"https:\/\/rosedelphine.com\/wp-content\/uploads\/2024\/04\/IMG_08031-1024x768-1.jpg 1024w, https:\/\/rosedelphine.com\/wp-content\/uploads\/2024\/04\/IMG_08031-1024x768-1-300x225.jpg 300w, https:\/\/rosedelphine.com\/wp-content\/uploads\/2024\/04\/IMG_08031-1024x768-1-768x576.jpg 768w\" sizes=\"auto, (max-width: 1024px) 100vw, 1024px\" \/><button\n\t\t\tclass=\"lightbox-trigger\"\n\t\t\ttype=\"button\"\n\t\t\taria-haspopup=\"dialog\"\n\t\t\taria-label=\"Agrandir\"\n\t\t\tdata-wp-init=\"callbacks.initTriggerButton\"\n\t\t\tdata-wp-on--click=\"actions.showLightbox\"\n\t\t\tdata-wp-style--right=\"state.imageButtonRight\"\n\t\t\tdata-wp-style--top=\"state.imageButtonTop\"\n\t\t>\n\t\t\t<svg xmlns=\"http:\/\/www.w3.org\/2000\/svg\" width=\"12\" height=\"12\" fill=\"none\" viewBox=\"0 0 12 12\">\n\t\t\t\t<path fill=\"#fff\" d=\"M2 0a2 2 0 0 0-2 2v2h1.5V2a.5.5 0 0 1 .5-.5h2V0H2Zm2 10.5H2a.5.5 0 0 1-.5-.5V8H0v2a2 2 0 0 0 2 2h2v-1.5ZM8 12v-1.5h2a.5.5 0 0 0 .5-.5V8H12v2a2 2 0 0 1-2 2H8Zm2-12a2 2 0 0 1 2 2v2h-1.5V2a.5.5 0 0 0-.5-.5H8V0h2Z\" \/>\n\t\t\t<\/svg>\n\t\t<\/button><figcaption class=\"wp-element-caption\">Grande hostie perfor\u00e9e argile 45 cm de diam\u00e8tre 2011<\/figcaption><\/figure>\n\n\n\n<figure data-wp-context=\"{&quot;imageId&quot;:&quot;6a01c11010818&quot;}\" data-wp-interactive=\"core\/image\" data-wp-key=\"6a01c11010818\" class=\"wp-block-image size-large wp-lightbox-container\"><img loading=\"lazy\" decoding=\"async\" width=\"1024\" height=\"768\" data-wp-class--hide=\"state.isContentHidden\" data-wp-class--show=\"state.isContentVisible\" data-wp-init=\"callbacks.setButtonStyles\" data-wp-on--click=\"actions.showLightbox\" data-wp-on--load=\"callbacks.setButtonStyles\" data-wp-on-window--resize=\"callbacks.setButtonStyles\" data-id=\"179\" src=\"http:\/\/rosedelphine.com\/wp-content\/uploads\/2024\/04\/Belean-5-1024x768-1.jpg\" alt=\"\" class=\"wp-image-179\" srcset=\"https:\/\/rosedelphine.com\/wp-content\/uploads\/2024\/04\/Belean-5-1024x768-1.jpg 1024w, https:\/\/rosedelphine.com\/wp-content\/uploads\/2024\/04\/Belean-5-1024x768-1-300x225.jpg 300w, https:\/\/rosedelphine.com\/wp-content\/uploads\/2024\/04\/Belean-5-1024x768-1-768x576.jpg 768w\" sizes=\"auto, (max-width: 1024px) 100vw, 1024px\" \/><button\n\t\t\tclass=\"lightbox-trigger\"\n\t\t\ttype=\"button\"\n\t\t\taria-haspopup=\"dialog\"\n\t\t\taria-label=\"Agrandir\"\n\t\t\tdata-wp-init=\"callbacks.initTriggerButton\"\n\t\t\tdata-wp-on--click=\"actions.showLightbox\"\n\t\t\tdata-wp-style--right=\"state.imageButtonRight\"\n\t\t\tdata-wp-style--top=\"state.imageButtonTop\"\n\t\t>\n\t\t\t<svg xmlns=\"http:\/\/www.w3.org\/2000\/svg\" width=\"12\" height=\"12\" fill=\"none\" viewBox=\"0 0 12 12\">\n\t\t\t\t<path fill=\"#fff\" d=\"M2 0a2 2 0 0 0-2 2v2h1.5V2a.5.5 0 0 1 .5-.5h2V0H2Zm2 10.5H2a.5.5 0 0 1-.5-.5V8H0v2a2 2 0 0 0 2 2h2v-1.5ZM8 12v-1.5h2a.5.5 0 0 0 .5-.5V8H12v2a2 2 0 0 1-2 2H8Zm2-12a2 2 0 0 1 2 2v2h-1.5V2a.5.5 0 0 0-.5-.5H8V0h2Z\" \/>\n\t\t\t<\/svg>\n\t\t<\/button><figcaption class=\"wp-element-caption\">Les routes se dessinent sur le paysage cartographi\u00e9 du mur (salp\u00eatre)<\/figcaption><\/figure>\n\n\n\n<figure data-wp-context=\"{&quot;imageId&quot;:&quot;6a01c11010cab&quot;}\" data-wp-interactive=\"core\/image\" data-wp-key=\"6a01c11010cab\" class=\"wp-block-image size-large wp-lightbox-container\"><img loading=\"lazy\" decoding=\"async\" width=\"1024\" height=\"768\" data-wp-class--hide=\"state.isContentHidden\" data-wp-class--show=\"state.isContentVisible\" data-wp-init=\"callbacks.setButtonStyles\" data-wp-on--click=\"actions.showLightbox\" data-wp-on--load=\"callbacks.setButtonStyles\" data-wp-on-window--resize=\"callbacks.setButtonStyles\" data-id=\"180\" src=\"http:\/\/rosedelphine.com\/wp-content\/uploads\/2024\/04\/Belean-3-1024x768-1.jpg\" alt=\"\" class=\"wp-image-180\" srcset=\"https:\/\/rosedelphine.com\/wp-content\/uploads\/2024\/04\/Belean-3-1024x768-1.jpg 1024w, https:\/\/rosedelphine.com\/wp-content\/uploads\/2024\/04\/Belean-3-1024x768-1-300x225.jpg 300w, https:\/\/rosedelphine.com\/wp-content\/uploads\/2024\/04\/Belean-3-1024x768-1-768x576.jpg 768w\" sizes=\"auto, (max-width: 1024px) 100vw, 1024px\" \/><button\n\t\t\tclass=\"lightbox-trigger\"\n\t\t\ttype=\"button\"\n\t\t\taria-haspopup=\"dialog\"\n\t\t\taria-label=\"Agrandir\"\n\t\t\tdata-wp-init=\"callbacks.initTriggerButton\"\n\t\t\tdata-wp-on--click=\"actions.showLightbox\"\n\t\t\tdata-wp-style--right=\"state.imageButtonRight\"\n\t\t\tdata-wp-style--top=\"state.imageButtonTop\"\n\t\t>\n\t\t\t<svg xmlns=\"http:\/\/www.w3.org\/2000\/svg\" width=\"12\" height=\"12\" fill=\"none\" viewBox=\"0 0 12 12\">\n\t\t\t\t<path fill=\"#fff\" d=\"M2 0a2 2 0 0 0-2 2v2h1.5V2a.5.5 0 0 1 .5-.5h2V0H2Zm2 10.5H2a.5.5 0 0 1-.5-.5V8H0v2a2 2 0 0 0 2 2h2v-1.5ZM8 12v-1.5h2a.5.5 0 0 0 .5-.5V8H12v2a2 2 0 0 1-2 2H8Zm2-12a2 2 0 0 1 2 2v2h-1.5V2a.5.5 0 0 0-.5-.5H8V0h2Z\" \/>\n\t\t\t<\/svg>\n\t\t<\/button><figcaption class=\"wp-element-caption\">Chacun trace sa route<\/figcaption><\/figure>\n<\/figure>\n\n\n\n<p>\u201cL\u2019aventure c\u2019est l\u2019inconnu. Elle peut \u00eatre choisie (les explorateurs) ou non (la naissance, la mort). Trouver un \u00e9quilibre avec nos terrains de d\u00e9couvertes, c\u2019est accepter l\u2019expression de l\u2019inconnu et se rendre disponible \u00e0 lui. L\u2019homme n\u2019est d\u00e9finitivement pas tout puissant et investir de nouveaux territoires, faire de nouvelles exp\u00e9riences permet aussi de vivre l\u2019aventure d\u2019une rencontre avec ses propres limites et son humilit\u00e9, au vue notamment des risques que cela comporte, dans la cr\u00e9ation et dans le voyage.\u201d<\/p>\n","protected":false},"excerpt":{"rendered":"<p>Les t\u00e2ches d\u2019humidit\u00e9 sur les murs de la chapelle de B\u00e9l\u00e9an (56) dessinent une cartographie. Pour r\u00e9pondre \u00e0 la th\u00e9matique du festival d\u2019art contemporain \u201cArt Capella\u201d dont le th\u00e8me de l\u2019ann\u00e9e 2011 \u00e9tait celui de \u201cAventure et \u00e9quilibre\u201d, Delphine Rose invite les visiteurs \u00e0 voyager en mettant \u00e0 leur disposition une multitude de points d\u2019accroche [&hellip;]<\/p>\n","protected":false},"author":1,"featured_media":0,"parent":19,"menu_order":0,"comment_status":"closed","ping_status":"closed","template":"","meta":{"footnotes":""},"class_list":["post-40","page","type-page","status-publish","hentry"],"_links":{"self":[{"href":"https:\/\/rosedelphine.com\/index.php\/wp-json\/wp\/v2\/pages\/40","targetHints":{"allow":["GET"]}}],"collection":[{"href":"https:\/\/rosedelphine.com\/index.php\/wp-json\/wp\/v2\/pages"}],"about":[{"href":"https:\/\/rosedelphine.com\/index.php\/wp-json\/wp\/v2\/types\/page"}],"author":[{"embeddable":true,"href":"https:\/\/rosedelphine.com\/index.php\/wp-json\/wp\/v2\/users\/1"}],"replies":[{"embeddable":true,"href":"https:\/\/rosedelphine.com\/index.php\/wp-json\/wp\/v2\/comments?post=40"}],"version-history":[{"count":5,"href":"https:\/\/rosedelphine.com\/index.php\/wp-json\/wp\/v2\/pages\/40\/revisions"}],"predecessor-version":[{"id":388,"href":"https:\/\/rosedelphine.com\/index.php\/wp-json\/wp\/v2\/pages\/40\/revisions\/388"}],"up":[{"embeddable":true,"href":"https:\/\/rosedelphine.com\/index.php\/wp-json\/wp\/v2\/pages\/19"}],"wp:attachment":[{"href":"https:\/\/rosedelphine.com\/index.php\/wp-json\/wp\/v2\/media?parent=40"}],"curies":[{"name":"wp","href":"https:\/\/api.w.org\/{rel}","templated":true}]}}