{"id":38,"date":"2024-04-23T15:44:45","date_gmt":"2024-04-23T13:44:45","guid":{"rendered":"http:\/\/rosedelphine.com\/?page_id=38"},"modified":"2024-04-24T14:58:30","modified_gmt":"2024-04-24T12:58:30","slug":"residence-au-chateau-de-josselin","status":"publish","type":"page","link":"https:\/\/rosedelphine.com\/index.php\/installation-et-volume\/residence-au-chateau-de-josselin\/","title":{"rendered":"R\u00e9sidence au ch\u00e2teau de Josselin"},"content":{"rendered":"\n<p>Installation ext\u00e9rieure r\u00e9alis\u00e9e dans le cadre d\u2019une r\u00e9sidence artistique pour les journ\u00e9es du patrimoine 2013.<\/p>\n\n\n\n<p>Ce travail a \u00e9t\u00e9 r\u00e9alis\u00e9 avec Vanessa Rosse, autre artiste plasticienne. L\u2019espace investi se situe devant la fa\u00e7ade du ch\u00e2teau de Josselin (56), dans un des deux p\u00e9rim\u00e8tres de pelouses encadr\u00e9es de buis, fa\u00e7ade dont la richesse prolifique et l\u2019ornementation contrastent avec la rigueur de style \u201cjardin \u00e0 la fran\u00e7aise\u201d de ces 2 espaces. L\u2019autre pelouse accueille le travail de Karen Raccah et Ga\u00eblle Gicquiaud.<\/p>\n\n\n\n<figure class=\"wp-block-gallery has-nested-images columns-default is-cropped wp-block-gallery-1 is-layout-flex wp-block-gallery-is-layout-flex\">\n<figure data-wp-context=\"{&quot;imageId&quot;:&quot;69f9f5ad6b8e6&quot;}\" data-wp-interactive=\"core\/image\" data-wp-key=\"69f9f5ad6b8e6\" class=\"wp-block-image size-large wp-lightbox-container\"><img loading=\"lazy\" decoding=\"async\" width=\"575\" height=\"1024\" data-wp-class--hide=\"state.isContentHidden\" data-wp-class--show=\"state.isContentVisible\" data-wp-init=\"callbacks.setButtonStyles\" data-wp-on--click=\"actions.showLightbox\" data-wp-on--load=\"callbacks.setButtonStyles\" data-wp-on-window--resize=\"callbacks.setButtonStyles\" data-id=\"162\" src=\"http:\/\/rosedelphine.com\/wp-content\/uploads\/2024\/04\/Avec-Karen-Raccah-et-Gaelle-Gicquiaud-575x1024-1.jpg\" alt=\"\" class=\"wp-image-162\" srcset=\"https:\/\/rosedelphine.com\/wp-content\/uploads\/2024\/04\/Avec-Karen-Raccah-et-Gaelle-Gicquiaud-575x1024-1.jpg 575w, https:\/\/rosedelphine.com\/wp-content\/uploads\/2024\/04\/Avec-Karen-Raccah-et-Gaelle-Gicquiaud-575x1024-1-168x300.jpg 168w\" sizes=\"auto, (max-width: 575px) 100vw, 575px\" \/><button\n\t\t\tclass=\"lightbox-trigger\"\n\t\t\ttype=\"button\"\n\t\t\taria-haspopup=\"dialog\"\n\t\t\taria-label=\"Agrandir\"\n\t\t\tdata-wp-init=\"callbacks.initTriggerButton\"\n\t\t\tdata-wp-on--click=\"actions.showLightbox\"\n\t\t\tdata-wp-style--right=\"state.imageButtonRight\"\n\t\t\tdata-wp-style--top=\"state.imageButtonTop\"\n\t\t>\n\t\t\t<svg xmlns=\"http:\/\/www.w3.org\/2000\/svg\" width=\"12\" height=\"12\" fill=\"none\" viewBox=\"0 0 12 12\">\n\t\t\t\t<path fill=\"#fff\" d=\"M2 0a2 2 0 0 0-2 2v2h1.5V2a.5.5 0 0 1 .5-.5h2V0H2Zm2 10.5H2a.5.5 0 0 1-.5-.5V8H0v2a2 2 0 0 0 2 2h2v-1.5ZM8 12v-1.5h2a.5.5 0 0 0 .5-.5V8H12v2a2 2 0 0 1-2 2H8Zm2-12a2 2 0 0 1 2 2v2h-1.5V2a.5.5 0 0 0-.5-.5H8V0h2Z\" \/>\n\t\t\t<\/svg>\n\t\t<\/button><\/figure>\n\n\n\n<figure data-wp-context=\"{&quot;imageId&quot;:&quot;69f9f5ad6be4b&quot;}\" data-wp-interactive=\"core\/image\" data-wp-key=\"69f9f5ad6be4b\" class=\"wp-block-image size-large wp-lightbox-container\"><img loading=\"lazy\" decoding=\"async\" width=\"1024\" height=\"575\" data-wp-class--hide=\"state.isContentHidden\" data-wp-class--show=\"state.isContentVisible\" data-wp-init=\"callbacks.setButtonStyles\" data-wp-on--click=\"actions.showLightbox\" data-wp-on--load=\"callbacks.setButtonStyles\" data-wp-on-window--resize=\"callbacks.setButtonStyles\" data-id=\"163\" src=\"http:\/\/rosedelphine.com\/wp-content\/uploads\/2024\/04\/Avec-laide-dAnne-1024x575-1.jpg\" alt=\"\" class=\"wp-image-163\" srcset=\"https:\/\/rosedelphine.com\/wp-content\/uploads\/2024\/04\/Avec-laide-dAnne-1024x575-1.jpg 1024w, https:\/\/rosedelphine.com\/wp-content\/uploads\/2024\/04\/Avec-laide-dAnne-1024x575-1-300x168.jpg 300w, https:\/\/rosedelphine.com\/wp-content\/uploads\/2024\/04\/Avec-laide-dAnne-1024x575-1-768x431.jpg 768w\" sizes=\"auto, (max-width: 1024px) 100vw, 1024px\" \/><button\n\t\t\tclass=\"lightbox-trigger\"\n\t\t\ttype=\"button\"\n\t\t\taria-haspopup=\"dialog\"\n\t\t\taria-label=\"Agrandir\"\n\t\t\tdata-wp-init=\"callbacks.initTriggerButton\"\n\t\t\tdata-wp-on--click=\"actions.showLightbox\"\n\t\t\tdata-wp-style--right=\"state.imageButtonRight\"\n\t\t\tdata-wp-style--top=\"state.imageButtonTop\"\n\t\t>\n\t\t\t<svg xmlns=\"http:\/\/www.w3.org\/2000\/svg\" width=\"12\" height=\"12\" fill=\"none\" viewBox=\"0 0 12 12\">\n\t\t\t\t<path fill=\"#fff\" d=\"M2 0a2 2 0 0 0-2 2v2h1.5V2a.5.5 0 0 1 .5-.5h2V0H2Zm2 10.5H2a.5.5 0 0 1-.5-.5V8H0v2a2 2 0 0 0 2 2h2v-1.5ZM8 12v-1.5h2a.5.5 0 0 0 .5-.5V8H12v2a2 2 0 0 1-2 2H8Zm2-12a2 2 0 0 1 2 2v2h-1.5V2a.5.5 0 0 0-.5-.5H8V0h2Z\" \/>\n\t\t\t<\/svg>\n\t\t<\/button><\/figure>\n\n\n\n<figure data-wp-context=\"{&quot;imageId&quot;:&quot;69f9f5ad6c27d&quot;}\" data-wp-interactive=\"core\/image\" data-wp-key=\"69f9f5ad6c27d\" class=\"wp-block-image size-large wp-lightbox-container\"><img loading=\"lazy\" decoding=\"async\" width=\"1024\" height=\"575\" data-wp-class--hide=\"state.isContentHidden\" data-wp-class--show=\"state.isContentVisible\" data-wp-init=\"callbacks.setButtonStyles\" data-wp-on--click=\"actions.showLightbox\" data-wp-on--load=\"callbacks.setButtonStyles\" data-wp-on-window--resize=\"callbacks.setButtonStyles\" data-id=\"164\" src=\"http:\/\/rosedelphine.com\/wp-content\/uploads\/2024\/04\/Conception-et-realisation-avec-Vanessa-Rosse-1024x575-1.jpg\" alt=\"\" class=\"wp-image-164\" srcset=\"https:\/\/rosedelphine.com\/wp-content\/uploads\/2024\/04\/Conception-et-realisation-avec-Vanessa-Rosse-1024x575-1.jpg 1024w, https:\/\/rosedelphine.com\/wp-content\/uploads\/2024\/04\/Conception-et-realisation-avec-Vanessa-Rosse-1024x575-1-300x168.jpg 300w, https:\/\/rosedelphine.com\/wp-content\/uploads\/2024\/04\/Conception-et-realisation-avec-Vanessa-Rosse-1024x575-1-768x431.jpg 768w\" sizes=\"auto, (max-width: 1024px) 100vw, 1024px\" \/><button\n\t\t\tclass=\"lightbox-trigger\"\n\t\t\ttype=\"button\"\n\t\t\taria-haspopup=\"dialog\"\n\t\t\taria-label=\"Agrandir\"\n\t\t\tdata-wp-init=\"callbacks.initTriggerButton\"\n\t\t\tdata-wp-on--click=\"actions.showLightbox\"\n\t\t\tdata-wp-style--right=\"state.imageButtonRight\"\n\t\t\tdata-wp-style--top=\"state.imageButtonTop\"\n\t\t>\n\t\t\t<svg xmlns=\"http:\/\/www.w3.org\/2000\/svg\" width=\"12\" height=\"12\" fill=\"none\" viewBox=\"0 0 12 12\">\n\t\t\t\t<path fill=\"#fff\" d=\"M2 0a2 2 0 0 0-2 2v2h1.5V2a.5.5 0 0 1 .5-.5h2V0H2Zm2 10.5H2a.5.5 0 0 1-.5-.5V8H0v2a2 2 0 0 0 2 2h2v-1.5ZM8 12v-1.5h2a.5.5 0 0 0 .5-.5V8H12v2a2 2 0 0 1-2 2H8Zm2-12a2 2 0 0 1 2 2v2h-1.5V2a.5.5 0 0 0-.5-.5H8V0h2Z\" \/>\n\t\t\t<\/svg>\n\t\t<\/button><\/figure>\n\n\n\n<figure data-wp-context=\"{&quot;imageId&quot;:&quot;69f9f5ad6c6ec&quot;}\" data-wp-interactive=\"core\/image\" data-wp-key=\"69f9f5ad6c6ec\" class=\"wp-block-image size-large wp-lightbox-container\"><img loading=\"lazy\" decoding=\"async\" width=\"683\" height=\"1024\" data-wp-class--hide=\"state.isContentHidden\" data-wp-class--show=\"state.isContentVisible\" data-wp-init=\"callbacks.setButtonStyles\" data-wp-on--click=\"actions.showLightbox\" data-wp-on--load=\"callbacks.setButtonStyles\" data-wp-on-window--resize=\"callbacks.setButtonStyles\" data-id=\"165\" src=\"http:\/\/rosedelphine.com\/wp-content\/uploads\/2024\/04\/IMG_20130915_0452-768x1152-1-683x1024.jpg\" alt=\"\" class=\"wp-image-165\" srcset=\"https:\/\/rosedelphine.com\/wp-content\/uploads\/2024\/04\/IMG_20130915_0452-768x1152-1-683x1024.jpg 683w, https:\/\/rosedelphine.com\/wp-content\/uploads\/2024\/04\/IMG_20130915_0452-768x1152-1-200x300.jpg 200w, https:\/\/rosedelphine.com\/wp-content\/uploads\/2024\/04\/IMG_20130915_0452-768x1152-1.jpg 768w\" sizes=\"auto, (max-width: 683px) 100vw, 683px\" \/><button\n\t\t\tclass=\"lightbox-trigger\"\n\t\t\ttype=\"button\"\n\t\t\taria-haspopup=\"dialog\"\n\t\t\taria-label=\"Agrandir\"\n\t\t\tdata-wp-init=\"callbacks.initTriggerButton\"\n\t\t\tdata-wp-on--click=\"actions.showLightbox\"\n\t\t\tdata-wp-style--right=\"state.imageButtonRight\"\n\t\t\tdata-wp-style--top=\"state.imageButtonTop\"\n\t\t>\n\t\t\t<svg xmlns=\"http:\/\/www.w3.org\/2000\/svg\" width=\"12\" height=\"12\" fill=\"none\" viewBox=\"0 0 12 12\">\n\t\t\t\t<path fill=\"#fff\" d=\"M2 0a2 2 0 0 0-2 2v2h1.5V2a.5.5 0 0 1 .5-.5h2V0H2Zm2 10.5H2a.5.5 0 0 1-.5-.5V8H0v2a2 2 0 0 0 2 2h2v-1.5ZM8 12v-1.5h2a.5.5 0 0 0 .5-.5V8H12v2a2 2 0 0 1-2 2H8Zm2-12a2 2 0 0 1 2 2v2h-1.5V2a.5.5 0 0 0-.5-.5H8V0h2Z\" \/>\n\t\t\t<\/svg>\n\t\t<\/button><\/figure>\n\n\n\n<figure data-wp-context=\"{&quot;imageId&quot;:&quot;69f9f5ad6cba1&quot;}\" data-wp-interactive=\"core\/image\" data-wp-key=\"69f9f5ad6cba1\" class=\"wp-block-image size-large wp-lightbox-container\"><img loading=\"lazy\" decoding=\"async\" width=\"1024\" height=\"682\" data-wp-class--hide=\"state.isContentHidden\" data-wp-class--show=\"state.isContentVisible\" data-wp-init=\"callbacks.setButtonStyles\" data-wp-on--click=\"actions.showLightbox\" data-wp-on--load=\"callbacks.setButtonStyles\" data-wp-on-window--resize=\"callbacks.setButtonStyles\" data-id=\"170\" src=\"http:\/\/rosedelphine.com\/wp-content\/uploads\/2024\/04\/IMG_20130915_0454-1024x682.jpg\" alt=\"\" class=\"wp-image-170\" srcset=\"https:\/\/rosedelphine.com\/wp-content\/uploads\/2024\/04\/IMG_20130915_0454-1024x682.jpg 1024w, https:\/\/rosedelphine.com\/wp-content\/uploads\/2024\/04\/IMG_20130915_0454-300x200.jpg 300w, https:\/\/rosedelphine.com\/wp-content\/uploads\/2024\/04\/IMG_20130915_0454-768x512.jpg 768w, https:\/\/rosedelphine.com\/wp-content\/uploads\/2024\/04\/IMG_20130915_0454.jpg 1280w\" sizes=\"auto, (max-width: 1024px) 100vw, 1024px\" \/><button\n\t\t\tclass=\"lightbox-trigger\"\n\t\t\ttype=\"button\"\n\t\t\taria-haspopup=\"dialog\"\n\t\t\taria-label=\"Agrandir\"\n\t\t\tdata-wp-init=\"callbacks.initTriggerButton\"\n\t\t\tdata-wp-on--click=\"actions.showLightbox\"\n\t\t\tdata-wp-style--right=\"state.imageButtonRight\"\n\t\t\tdata-wp-style--top=\"state.imageButtonTop\"\n\t\t>\n\t\t\t<svg xmlns=\"http:\/\/www.w3.org\/2000\/svg\" width=\"12\" height=\"12\" fill=\"none\" viewBox=\"0 0 12 12\">\n\t\t\t\t<path fill=\"#fff\" d=\"M2 0a2 2 0 0 0-2 2v2h1.5V2a.5.5 0 0 1 .5-.5h2V0H2Zm2 10.5H2a.5.5 0 0 1-.5-.5V8H0v2a2 2 0 0 0 2 2h2v-1.5ZM8 12v-1.5h2a.5.5 0 0 0 .5-.5V8H12v2a2 2 0 0 1-2 2H8Zm2-12a2 2 0 0 1 2 2v2h-1.5V2a.5.5 0 0 0-.5-.5H8V0h2Z\" \/>\n\t\t\t<\/svg>\n\t\t<\/button><\/figure>\n\n\n\n<figure data-wp-context=\"{&quot;imageId&quot;:&quot;69f9f5ad6d017&quot;}\" data-wp-interactive=\"core\/image\" data-wp-key=\"69f9f5ad6d017\" class=\"wp-block-image size-large wp-lightbox-container\"><img loading=\"lazy\" decoding=\"async\" width=\"683\" height=\"1024\" data-wp-class--hide=\"state.isContentHidden\" data-wp-class--show=\"state.isContentVisible\" data-wp-init=\"callbacks.setButtonStyles\" data-wp-on--click=\"actions.showLightbox\" data-wp-on--load=\"callbacks.setButtonStyles\" data-wp-on-window--resize=\"callbacks.setButtonStyles\" data-id=\"166\" src=\"http:\/\/rosedelphine.com\/wp-content\/uploads\/2024\/04\/IMG_20130915_0511-768x1152-1-683x1024.jpg\" alt=\"\" class=\"wp-image-166\" srcset=\"https:\/\/rosedelphine.com\/wp-content\/uploads\/2024\/04\/IMG_20130915_0511-768x1152-1-683x1024.jpg 683w, https:\/\/rosedelphine.com\/wp-content\/uploads\/2024\/04\/IMG_20130915_0511-768x1152-1-200x300.jpg 200w, https:\/\/rosedelphine.com\/wp-content\/uploads\/2024\/04\/IMG_20130915_0511-768x1152-1.jpg 768w\" sizes=\"auto, (max-width: 683px) 100vw, 683px\" \/><button\n\t\t\tclass=\"lightbox-trigger\"\n\t\t\ttype=\"button\"\n\t\t\taria-haspopup=\"dialog\"\n\t\t\taria-label=\"Agrandir\"\n\t\t\tdata-wp-init=\"callbacks.initTriggerButton\"\n\t\t\tdata-wp-on--click=\"actions.showLightbox\"\n\t\t\tdata-wp-style--right=\"state.imageButtonRight\"\n\t\t\tdata-wp-style--top=\"state.imageButtonTop\"\n\t\t>\n\t\t\t<svg xmlns=\"http:\/\/www.w3.org\/2000\/svg\" width=\"12\" height=\"12\" fill=\"none\" viewBox=\"0 0 12 12\">\n\t\t\t\t<path fill=\"#fff\" d=\"M2 0a2 2 0 0 0-2 2v2h1.5V2a.5.5 0 0 1 .5-.5h2V0H2Zm2 10.5H2a.5.5 0 0 1-.5-.5V8H0v2a2 2 0 0 0 2 2h2v-1.5ZM8 12v-1.5h2a.5.5 0 0 0 .5-.5V8H12v2a2 2 0 0 1-2 2H8Zm2-12a2 2 0 0 1 2 2v2h-1.5V2a.5.5 0 0 0-.5-.5H8V0h2Z\" \/>\n\t\t\t<\/svg>\n\t\t<\/button><\/figure>\n\n\n\n<figure data-wp-context=\"{&quot;imageId&quot;:&quot;69f9f5ad6d430&quot;}\" data-wp-interactive=\"core\/image\" data-wp-key=\"69f9f5ad6d430\" class=\"wp-block-image size-large wp-lightbox-container\"><img loading=\"lazy\" decoding=\"async\" width=\"1024\" height=\"682\" data-wp-class--hide=\"state.isContentHidden\" data-wp-class--show=\"state.isContentVisible\" data-wp-init=\"callbacks.setButtonStyles\" data-wp-on--click=\"actions.showLightbox\" data-wp-on--load=\"callbacks.setButtonStyles\" data-wp-on-window--resize=\"callbacks.setButtonStyles\" data-id=\"169\" src=\"http:\/\/rosedelphine.com\/wp-content\/uploads\/2024\/04\/IMG_20130915_0526-1024x682-1.jpg\" alt=\"\" class=\"wp-image-169\" srcset=\"https:\/\/rosedelphine.com\/wp-content\/uploads\/2024\/04\/IMG_20130915_0526-1024x682-1.jpg 1024w, https:\/\/rosedelphine.com\/wp-content\/uploads\/2024\/04\/IMG_20130915_0526-1024x682-1-300x200.jpg 300w, https:\/\/rosedelphine.com\/wp-content\/uploads\/2024\/04\/IMG_20130915_0526-1024x682-1-768x512.jpg 768w\" sizes=\"auto, (max-width: 1024px) 100vw, 1024px\" \/><button\n\t\t\tclass=\"lightbox-trigger\"\n\t\t\ttype=\"button\"\n\t\t\taria-haspopup=\"dialog\"\n\t\t\taria-label=\"Agrandir\"\n\t\t\tdata-wp-init=\"callbacks.initTriggerButton\"\n\t\t\tdata-wp-on--click=\"actions.showLightbox\"\n\t\t\tdata-wp-style--right=\"state.imageButtonRight\"\n\t\t\tdata-wp-style--top=\"state.imageButtonTop\"\n\t\t>\n\t\t\t<svg xmlns=\"http:\/\/www.w3.org\/2000\/svg\" width=\"12\" height=\"12\" fill=\"none\" viewBox=\"0 0 12 12\">\n\t\t\t\t<path fill=\"#fff\" d=\"M2 0a2 2 0 0 0-2 2v2h1.5V2a.5.5 0 0 1 .5-.5h2V0H2Zm2 10.5H2a.5.5 0 0 1-.5-.5V8H0v2a2 2 0 0 0 2 2h2v-1.5ZM8 12v-1.5h2a.5.5 0 0 0 .5-.5V8H12v2a2 2 0 0 1-2 2H8Zm2-12a2 2 0 0 1 2 2v2h-1.5V2a.5.5 0 0 0-.5-.5H8V0h2Z\" \/>\n\t\t\t<\/svg>\n\t\t<\/button><\/figure>\n\n\n\n<figure data-wp-context=\"{&quot;imageId&quot;:&quot;69f9f5ad6d818&quot;}\" data-wp-interactive=\"core\/image\" data-wp-key=\"69f9f5ad6d818\" class=\"wp-block-image size-large wp-lightbox-container\"><img loading=\"lazy\" decoding=\"async\" width=\"682\" height=\"1024\" data-wp-class--hide=\"state.isContentHidden\" data-wp-class--show=\"state.isContentVisible\" data-wp-init=\"callbacks.setButtonStyles\" data-wp-on--click=\"actions.showLightbox\" data-wp-on--load=\"callbacks.setButtonStyles\" data-wp-on-window--resize=\"callbacks.setButtonStyles\" data-id=\"172\" src=\"http:\/\/rosedelphine.com\/wp-content\/uploads\/2024\/04\/IMG_20130915_0536-682x1024.jpg\" alt=\"\" class=\"wp-image-172\" srcset=\"https:\/\/rosedelphine.com\/wp-content\/uploads\/2024\/04\/IMG_20130915_0536-682x1024.jpg 682w, https:\/\/rosedelphine.com\/wp-content\/uploads\/2024\/04\/IMG_20130915_0536-200x300.jpg 200w, https:\/\/rosedelphine.com\/wp-content\/uploads\/2024\/04\/IMG_20130915_0536-768x1152.jpg 768w, https:\/\/rosedelphine.com\/wp-content\/uploads\/2024\/04\/IMG_20130915_0536.jpg 853w\" sizes=\"auto, (max-width: 682px) 100vw, 682px\" \/><button\n\t\t\tclass=\"lightbox-trigger\"\n\t\t\ttype=\"button\"\n\t\t\taria-haspopup=\"dialog\"\n\t\t\taria-label=\"Agrandir\"\n\t\t\tdata-wp-init=\"callbacks.initTriggerButton\"\n\t\t\tdata-wp-on--click=\"actions.showLightbox\"\n\t\t\tdata-wp-style--right=\"state.imageButtonRight\"\n\t\t\tdata-wp-style--top=\"state.imageButtonTop\"\n\t\t>\n\t\t\t<svg xmlns=\"http:\/\/www.w3.org\/2000\/svg\" width=\"12\" height=\"12\" fill=\"none\" viewBox=\"0 0 12 12\">\n\t\t\t\t<path fill=\"#fff\" d=\"M2 0a2 2 0 0 0-2 2v2h1.5V2a.5.5 0 0 1 .5-.5h2V0H2Zm2 10.5H2a.5.5 0 0 1-.5-.5V8H0v2a2 2 0 0 0 2 2h2v-1.5ZM8 12v-1.5h2a.5.5 0 0 0 .5-.5V8H12v2a2 2 0 0 1-2 2H8Zm2-12a2 2 0 0 1 2 2v2h-1.5V2a.5.5 0 0 0-.5-.5H8V0h2Z\" \/>\n\t\t\t<\/svg>\n\t\t<\/button><\/figure>\n\n\n\n<figure data-wp-context=\"{&quot;imageId&quot;:&quot;69f9f5ad6dbc5&quot;}\" data-wp-interactive=\"core\/image\" data-wp-key=\"69f9f5ad6dbc5\" class=\"wp-block-image size-large wp-lightbox-container\"><img loading=\"lazy\" decoding=\"async\" width=\"1024\" height=\"682\" data-wp-class--hide=\"state.isContentHidden\" data-wp-class--show=\"state.isContentVisible\" data-wp-init=\"callbacks.setButtonStyles\" data-wp-on--click=\"actions.showLightbox\" data-wp-on--load=\"callbacks.setButtonStyles\" data-wp-on-window--resize=\"callbacks.setButtonStyles\" data-id=\"168\" src=\"http:\/\/rosedelphine.com\/wp-content\/uploads\/2024\/04\/IMG_20130915_0545-1024x682-1.jpg\" alt=\"\" class=\"wp-image-168\" srcset=\"https:\/\/rosedelphine.com\/wp-content\/uploads\/2024\/04\/IMG_20130915_0545-1024x682-1.jpg 1024w, https:\/\/rosedelphine.com\/wp-content\/uploads\/2024\/04\/IMG_20130915_0545-1024x682-1-300x200.jpg 300w, https:\/\/rosedelphine.com\/wp-content\/uploads\/2024\/04\/IMG_20130915_0545-1024x682-1-768x512.jpg 768w\" sizes=\"auto, (max-width: 1024px) 100vw, 1024px\" \/><button\n\t\t\tclass=\"lightbox-trigger\"\n\t\t\ttype=\"button\"\n\t\t\taria-haspopup=\"dialog\"\n\t\t\taria-label=\"Agrandir\"\n\t\t\tdata-wp-init=\"callbacks.initTriggerButton\"\n\t\t\tdata-wp-on--click=\"actions.showLightbox\"\n\t\t\tdata-wp-style--right=\"state.imageButtonRight\"\n\t\t\tdata-wp-style--top=\"state.imageButtonTop\"\n\t\t>\n\t\t\t<svg xmlns=\"http:\/\/www.w3.org\/2000\/svg\" width=\"12\" height=\"12\" fill=\"none\" viewBox=\"0 0 12 12\">\n\t\t\t\t<path fill=\"#fff\" d=\"M2 0a2 2 0 0 0-2 2v2h1.5V2a.5.5 0 0 1 .5-.5h2V0H2Zm2 10.5H2a.5.5 0 0 1-.5-.5V8H0v2a2 2 0 0 0 2 2h2v-1.5ZM8 12v-1.5h2a.5.5 0 0 0 .5-.5V8H12v2a2 2 0 0 1-2 2H8Zm2-12a2 2 0 0 1 2 2v2h-1.5V2a.5.5 0 0 0-.5-.5H8V0h2Z\" \/>\n\t\t\t<\/svg>\n\t\t<\/button><\/figure>\n\n\n\n<figure data-wp-context=\"{&quot;imageId&quot;:&quot;69f9f5ad6dfb6&quot;}\" data-wp-interactive=\"core\/image\" data-wp-key=\"69f9f5ad6dfb6\" class=\"wp-block-image size-large wp-lightbox-container\"><img loading=\"lazy\" decoding=\"async\" width=\"1024\" height=\"682\" data-wp-class--hide=\"state.isContentHidden\" data-wp-class--show=\"state.isContentVisible\" data-wp-init=\"callbacks.setButtonStyles\" data-wp-on--click=\"actions.showLightbox\" data-wp-on--load=\"callbacks.setButtonStyles\" data-wp-on-window--resize=\"callbacks.setButtonStyles\" data-id=\"171\" src=\"http:\/\/rosedelphine.com\/wp-content\/uploads\/2024\/04\/IMG_20130915_0552-1024x682-1.jpg\" alt=\"\" class=\"wp-image-171\" srcset=\"https:\/\/rosedelphine.com\/wp-content\/uploads\/2024\/04\/IMG_20130915_0552-1024x682-1.jpg 1024w, https:\/\/rosedelphine.com\/wp-content\/uploads\/2024\/04\/IMG_20130915_0552-1024x682-1-300x200.jpg 300w, https:\/\/rosedelphine.com\/wp-content\/uploads\/2024\/04\/IMG_20130915_0552-1024x682-1-768x512.jpg 768w\" sizes=\"auto, (max-width: 1024px) 100vw, 1024px\" \/><button\n\t\t\tclass=\"lightbox-trigger\"\n\t\t\ttype=\"button\"\n\t\t\taria-haspopup=\"dialog\"\n\t\t\taria-label=\"Agrandir\"\n\t\t\tdata-wp-init=\"callbacks.initTriggerButton\"\n\t\t\tdata-wp-on--click=\"actions.showLightbox\"\n\t\t\tdata-wp-style--right=\"state.imageButtonRight\"\n\t\t\tdata-wp-style--top=\"state.imageButtonTop\"\n\t\t>\n\t\t\t<svg xmlns=\"http:\/\/www.w3.org\/2000\/svg\" width=\"12\" height=\"12\" fill=\"none\" viewBox=\"0 0 12 12\">\n\t\t\t\t<path fill=\"#fff\" d=\"M2 0a2 2 0 0 0-2 2v2h1.5V2a.5.5 0 0 1 .5-.5h2V0H2Zm2 10.5H2a.5.5 0 0 1-.5-.5V8H0v2a2 2 0 0 0 2 2h2v-1.5ZM8 12v-1.5h2a.5.5 0 0 0 .5-.5V8H12v2a2 2 0 0 1-2 2H8Zm2-12a2 2 0 0 1 2 2v2h-1.5V2a.5.5 0 0 0-.5-.5H8V0h2Z\" \/>\n\t\t\t<\/svg>\n\t\t<\/button><\/figure>\n<\/figure>\n\n\n\n<p>Delphine Rose et Vanessa Rosse se servent des buis comme un support pour reprendre de fa\u00e7on graphique et sur un plan vertical les volutes et diverses courbes des frises ornementales de la fa\u00e7ade. Le visiteur peut d\u00e9chiffrer certains motifs \u00e0 la mani\u00e8re d\u2019un jeu de d\u00e9cryptage. Dans le cadre des journ\u00e9es du patrimoine, cette installation fait lien entre l\u2019architecture du b\u00e2timent , son ornementation et le parc. Elle est r\u00e9alis\u00e9e avec les bambous du ch\u00e2teau. Ceux ci sont courb\u00e9s par la tension d\u2019un fil rouge, rappelant la couleur des menuiseries. Ce principe de tension d\u2019un mat\u00e9riau v\u00e9g\u00e9tal est d\u00e9j\u00e0 utilis\u00e9 dans des productions ant\u00e9rieures, que ce soit chez l\u2019une ou chez l\u2019autre.<\/p>\n","protected":false},"excerpt":{"rendered":"<p>Installation ext\u00e9rieure r\u00e9alis\u00e9e dans le cadre d\u2019une r\u00e9sidence artistique pour les journ\u00e9es du patrimoine 2013. Ce travail a \u00e9t\u00e9 r\u00e9alis\u00e9 avec Vanessa Rosse, autre artiste plasticienne. L\u2019espace investi se situe devant la fa\u00e7ade du ch\u00e2teau de Josselin (56), dans un des deux p\u00e9rim\u00e8tres de pelouses encadr\u00e9es de buis, fa\u00e7ade dont la richesse prolifique et l\u2019ornementation [&hellip;]<\/p>\n","protected":false},"author":1,"featured_media":0,"parent":19,"menu_order":0,"comment_status":"closed","ping_status":"closed","template":"","meta":{"footnotes":""},"class_list":["post-38","page","type-page","status-publish","hentry"],"_links":{"self":[{"href":"https:\/\/rosedelphine.com\/index.php\/wp-json\/wp\/v2\/pages\/38","targetHints":{"allow":["GET"]}}],"collection":[{"href":"https:\/\/rosedelphine.com\/index.php\/wp-json\/wp\/v2\/pages"}],"about":[{"href":"https:\/\/rosedelphine.com\/index.php\/wp-json\/wp\/v2\/types\/page"}],"author":[{"embeddable":true,"href":"https:\/\/rosedelphine.com\/index.php\/wp-json\/wp\/v2\/users\/1"}],"replies":[{"embeddable":true,"href":"https:\/\/rosedelphine.com\/index.php\/wp-json\/wp\/v2\/comments?post=38"}],"version-history":[{"count":4,"href":"https:\/\/rosedelphine.com\/index.php\/wp-json\/wp\/v2\/pages\/38\/revisions"}],"predecessor-version":[{"id":378,"href":"https:\/\/rosedelphine.com\/index.php\/wp-json\/wp\/v2\/pages\/38\/revisions\/378"}],"up":[{"embeddable":true,"href":"https:\/\/rosedelphine.com\/index.php\/wp-json\/wp\/v2\/pages\/19"}],"wp:attachment":[{"href":"https:\/\/rosedelphine.com\/index.php\/wp-json\/wp\/v2\/media?parent=38"}],"curies":[{"name":"wp","href":"https:\/\/api.w.org\/{rel}","templated":true}]}}