{"id":357,"date":"2024-04-24T10:40:40","date_gmt":"2024-04-24T08:40:40","guid":{"rendered":"https:\/\/rosedelphine.com\/?page_id=357"},"modified":"2024-12-13T19:59:13","modified_gmt":"2024-12-13T18:59:13","slug":"chapelle-st-clement","status":"publish","type":"page","link":"https:\/\/rosedelphine.com\/index.php\/installation-et-volume\/chapelle-st-clement\/","title":{"rendered":"Chapelle Saint Cl\u00e9ment"},"content":{"rendered":"\n<figure class=\"wp-block-image aligncenter size-large is-resized\"><img loading=\"lazy\" decoding=\"async\" width=\"818\" height=\"1024\" src=\"https:\/\/rosedelphine.com\/wp-content\/uploads\/2024\/04\/IMG_6738-818x1024.jpg\" alt=\"\" class=\"wp-image-358\" style=\"width:545px;height:auto\" srcset=\"https:\/\/rosedelphine.com\/wp-content\/uploads\/2024\/04\/IMG_6738-818x1024.jpg 818w, https:\/\/rosedelphine.com\/wp-content\/uploads\/2024\/04\/IMG_6738-240x300.jpg 240w, https:\/\/rosedelphine.com\/wp-content\/uploads\/2024\/04\/IMG_6738-768x961.jpg 768w, https:\/\/rosedelphine.com\/wp-content\/uploads\/2024\/04\/IMG_6738-1227x1536.jpg 1227w, https:\/\/rosedelphine.com\/wp-content\/uploads\/2024\/04\/IMG_6738-1636x2048.jpg 1636w, https:\/\/rosedelphine.com\/wp-content\/uploads\/2024\/04\/IMG_6738-scaled.jpg 2045w\" sizes=\"auto, (max-width: 818px) 100vw, 818px\" \/><\/figure>\n\n\n\n<p class=\"has-text-align-left\">Apr\u00e8s une installation \u00e9volutive dans la chapelle St Jacques en 2019, Gilles Gautier et<br>Delphine Rose investissent ici certains arbres \u00e0 l\u2019ext\u00e9rieur de la chapelle St Cl\u00e9ment.<br>C\u2019est \u00e0 nouveau l\u2019 arbre qu\u2019ils mettent en relation avec le sacr\u00e9 par l\u2019utilisation, cette fois,<br>de symboles religieux, telles que des ailes d\u2019ange .<br>Alors qu\u2019en 2019, l\u2019argile crue unifiait leurs processus de cr\u00e9ation, ils expriment ici, une<br>dualit\u00e9 en utilisant cette fois des plumes comme mat\u00e9riau :<br>Dans leur mise en forme et en espace, il y a dualit\u00e9 entre la blanche et lumineuse douceur du<br>paradis et le cheminement terrestre de l\u2019argile rejoignant la s\u00e8ve comme une all\u00e9gorie du<br>corps ; dualit\u00e9 sur laquelle s\u2019appuient certaines religions.<br>Cette installation est une allusion visuelle et po\u00e9tique \u00e0 l\u2019esprit souvent manich\u00e9en de l\u2019\u00eatre<br>humain (le bien, le mal) que la nature questionne et avec lequel elle ne cesse de composer.<\/p>\n","protected":false},"excerpt":{"rendered":"<p>Apr\u00e8s une installation \u00e9volutive dans la chapelle St Jacques en 2019, Gilles Gautier etDelphine Rose investissent ici certains arbres \u00e0 l\u2019ext\u00e9rieur de la chapelle St Cl\u00e9ment.C\u2019est \u00e0 nouveau l\u2019 arbre qu\u2019ils mettent en relation avec le sacr\u00e9 par l\u2019utilisation, cette fois,de symboles religieux, telles que des ailes d\u2019ange .Alors qu\u2019en 2019, l\u2019argile crue unifiait leurs [&hellip;]<\/p>\n","protected":false},"author":1,"featured_media":0,"parent":19,"menu_order":0,"comment_status":"closed","ping_status":"closed","template":"","meta":{"footnotes":""},"class_list":["post-357","page","type-page","status-publish","hentry"],"_links":{"self":[{"href":"https:\/\/rosedelphine.com\/index.php\/wp-json\/wp\/v2\/pages\/357","targetHints":{"allow":["GET"]}}],"collection":[{"href":"https:\/\/rosedelphine.com\/index.php\/wp-json\/wp\/v2\/pages"}],"about":[{"href":"https:\/\/rosedelphine.com\/index.php\/wp-json\/wp\/v2\/types\/page"}],"author":[{"embeddable":true,"href":"https:\/\/rosedelphine.com\/index.php\/wp-json\/wp\/v2\/users\/1"}],"replies":[{"embeddable":true,"href":"https:\/\/rosedelphine.com\/index.php\/wp-json\/wp\/v2\/comments?post=357"}],"version-history":[{"count":4,"href":"https:\/\/rosedelphine.com\/index.php\/wp-json\/wp\/v2\/pages\/357\/revisions"}],"predecessor-version":[{"id":591,"href":"https:\/\/rosedelphine.com\/index.php\/wp-json\/wp\/v2\/pages\/357\/revisions\/591"}],"up":[{"embeddable":true,"href":"https:\/\/rosedelphine.com\/index.php\/wp-json\/wp\/v2\/pages\/19"}],"wp:attachment":[{"href":"https:\/\/rosedelphine.com\/index.php\/wp-json\/wp\/v2\/media?parent=357"}],"curies":[{"name":"wp","href":"https:\/\/api.w.org\/{rel}","templated":true}]}}