{"id":34,"date":"2024-04-23T15:43:35","date_gmt":"2024-04-23T13:43:35","guid":{"rendered":"http:\/\/rosedelphine.com\/?page_id=34"},"modified":"2024-04-24T14:55:50","modified_gmt":"2024-04-24T12:55:50","slug":"murmures-et-confidences","status":"publish","type":"page","link":"https:\/\/rosedelphine.com\/index.php\/installation-et-volume\/murmures-et-confidences\/","title":{"rendered":"Murmures et confidences"},"content":{"rendered":"\n<p>\u00ab Parce que les murs ont des oreilles, ils sont d\u00e9tenteurs d\u2019histoires \u00bb \u00cele d\u2019Arz \u2013 \u00e9t\u00e9 2016<\/p>\n\n\n\n<figure class=\"wp-block-gallery has-nested-images columns-default is-cropped wp-block-gallery-1 is-layout-flex wp-block-gallery-is-layout-flex\">\n<figure class=\"wp-block-image size-large\"><img loading=\"lazy\" decoding=\"async\" width=\"1024\" height=\"1024\" data-id=\"149\" src=\"http:\/\/rosedelphine.com\/wp-content\/uploads\/2024\/04\/IMG_0428-e1498212379486-1024x1024-1.jpg\" alt=\"\" class=\"wp-image-149\" srcset=\"https:\/\/rosedelphine.com\/wp-content\/uploads\/2024\/04\/IMG_0428-e1498212379486-1024x1024-1.jpg 1024w, https:\/\/rosedelphine.com\/wp-content\/uploads\/2024\/04\/IMG_0428-e1498212379486-1024x1024-1-300x300.jpg 300w, https:\/\/rosedelphine.com\/wp-content\/uploads\/2024\/04\/IMG_0428-e1498212379486-1024x1024-1-150x150.jpg 150w, https:\/\/rosedelphine.com\/wp-content\/uploads\/2024\/04\/IMG_0428-e1498212379486-1024x1024-1-768x768.jpg 768w\" sizes=\"auto, (max-width: 1024px) 100vw, 1024px\" \/><\/figure>\n\n\n\n<figure class=\"wp-block-image size-large\"><img loading=\"lazy\" decoding=\"async\" width=\"807\" height=\"1024\" data-id=\"150\" src=\"http:\/\/rosedelphine.com\/wp-content\/uploads\/2024\/04\/IMG_1045-1211x1536-1-807x1024.jpg\" alt=\"\" class=\"wp-image-150\" srcset=\"https:\/\/rosedelphine.com\/wp-content\/uploads\/2024\/04\/IMG_1045-1211x1536-1-807x1024.jpg 807w, https:\/\/rosedelphine.com\/wp-content\/uploads\/2024\/04\/IMG_1045-1211x1536-1-237x300.jpg 237w, https:\/\/rosedelphine.com\/wp-content\/uploads\/2024\/04\/IMG_1045-1211x1536-1-768x974.jpg 768w, https:\/\/rosedelphine.com\/wp-content\/uploads\/2024\/04\/IMG_1045-1211x1536-1.jpg 1211w\" sizes=\"auto, (max-width: 807px) 100vw, 807px\" \/><\/figure>\n\n\n\n<figure class=\"wp-block-image size-large\"><img loading=\"lazy\" decoding=\"async\" width=\"768\" height=\"1024\" data-id=\"151\" src=\"http:\/\/rosedelphine.com\/wp-content\/uploads\/2024\/04\/IMG_6891-e1498212466257-1152x1536-1-768x1024.jpg\" alt=\"\" class=\"wp-image-151\" srcset=\"https:\/\/rosedelphine.com\/wp-content\/uploads\/2024\/04\/IMG_6891-e1498212466257-1152x1536-1-768x1024.jpg 768w, https:\/\/rosedelphine.com\/wp-content\/uploads\/2024\/04\/IMG_6891-e1498212466257-1152x1536-1-225x300.jpg 225w, https:\/\/rosedelphine.com\/wp-content\/uploads\/2024\/04\/IMG_6891-e1498212466257-1152x1536-1.jpg 1152w\" sizes=\"auto, (max-width: 768px) 100vw, 768px\" \/><\/figure>\n\n\n\n<figure class=\"wp-block-image size-large\"><img loading=\"lazy\" decoding=\"async\" width=\"768\" height=\"1024\" data-id=\"152\" src=\"http:\/\/rosedelphine.com\/wp-content\/uploads\/2024\/04\/sans-titre-1152x1536-1-768x1024.jpg\" alt=\"\" class=\"wp-image-152\" srcset=\"https:\/\/rosedelphine.com\/wp-content\/uploads\/2024\/04\/sans-titre-1152x1536-1-768x1024.jpg 768w, https:\/\/rosedelphine.com\/wp-content\/uploads\/2024\/04\/sans-titre-1152x1536-1-225x300.jpg 225w, https:\/\/rosedelphine.com\/wp-content\/uploads\/2024\/04\/sans-titre-1152x1536-1.jpg 1152w\" sizes=\"auto, (max-width: 768px) 100vw, 768px\" \/><\/figure>\n<\/figure>\n\n\n\n<p>Delphine Rose s\u00e8me une s\u00e9rie d oreilles en c\u00e9ramique sur les murs, les troncs d arbres, les rochers de l\u2019\u00cele d\u2019Arz dans le golfe du Morbihan.<br>Cette installation po\u00e9tique et all\u00e9gorique s\u2019est d\u00e9velopp\u00e9e au long de l\u2019\u00e9t\u00e9 2016.<br>Elle aborde la question de la rumeur, du secret, de l\u2019\u00e9coute.<br>\u2026Des oreilles confidentes rencontr\u00e9es au hasard d\u2019une marche, dans lesquelles le promeneur glisse son regard pour interroger les bruits qui courent, souvent trop vite sur les \u00eeles.<br>Les habitants du site \u00e9taient invit\u00e9s \u00e0 participer \u00e0 cette installation en proposant un endroit\/support visible depuis l\u2019ext\u00e9rieur. Ils peuvent choisir la couleur, la taille, le dispositif d\u2019installation et donner leurs id\u00e9es. Une fois encore, l\u2019interactivit\u00e9 est au c\u0153ur de ce projet.<\/p>\n","protected":false},"excerpt":{"rendered":"<p>\u00ab Parce que les murs ont des oreilles, ils sont d\u00e9tenteurs d\u2019histoires \u00bb \u00cele d\u2019Arz \u2013 \u00e9t\u00e9 2016 Delphine Rose s\u00e8me une s\u00e9rie d oreilles en c\u00e9ramique sur les murs, les troncs d arbres, les rochers de l\u2019\u00cele d\u2019Arz dans le golfe du Morbihan.Cette installation po\u00e9tique et all\u00e9gorique s\u2019est d\u00e9velopp\u00e9e au long de l\u2019\u00e9t\u00e9 2016.Elle [&hellip;]<\/p>\n","protected":false},"author":1,"featured_media":0,"parent":19,"menu_order":0,"comment_status":"closed","ping_status":"closed","template":"","meta":{"footnotes":""},"class_list":["post-34","page","type-page","status-publish","hentry"],"_links":{"self":[{"href":"https:\/\/rosedelphine.com\/index.php\/wp-json\/wp\/v2\/pages\/34","targetHints":{"allow":["GET"]}}],"collection":[{"href":"https:\/\/rosedelphine.com\/index.php\/wp-json\/wp\/v2\/pages"}],"about":[{"href":"https:\/\/rosedelphine.com\/index.php\/wp-json\/wp\/v2\/types\/page"}],"author":[{"embeddable":true,"href":"https:\/\/rosedelphine.com\/index.php\/wp-json\/wp\/v2\/users\/1"}],"replies":[{"embeddable":true,"href":"https:\/\/rosedelphine.com\/index.php\/wp-json\/wp\/v2\/comments?post=34"}],"version-history":[{"count":4,"href":"https:\/\/rosedelphine.com\/index.php\/wp-json\/wp\/v2\/pages\/34\/revisions"}],"predecessor-version":[{"id":376,"href":"https:\/\/rosedelphine.com\/index.php\/wp-json\/wp\/v2\/pages\/34\/revisions\/376"}],"up":[{"embeddable":true,"href":"https:\/\/rosedelphine.com\/index.php\/wp-json\/wp\/v2\/pages\/19"}],"wp:attachment":[{"href":"https:\/\/rosedelphine.com\/index.php\/wp-json\/wp\/v2\/media?parent=34"}],"curies":[{"name":"wp","href":"https:\/\/api.w.org\/{rel}","templated":true}]}}