{"id":24,"date":"2024-04-23T15:35:36","date_gmt":"2024-04-23T13:35:36","guid":{"rendered":"http:\/\/rosedelphine.com\/?page_id=24"},"modified":"2024-12-07T16:09:23","modified_gmt":"2024-12-07T15:09:23","slug":"bio","status":"publish","type":"page","link":"https:\/\/rosedelphine.com\/index.php\/bio\/","title":{"rendered":"Bio"},"content":{"rendered":"\n<figure class=\"wp-block-image size-full is-resized\"><img loading=\"lazy\" decoding=\"async\" width=\"977\" height=\"1317\" src=\"http:\/\/rosedelphine.com\/wp-content\/uploads\/2024\/10\/Bouclier-.jpg\" alt=\"\" class=\"wp-image-456\" style=\"width:236px;height:auto\" srcset=\"https:\/\/rosedelphine.com\/wp-content\/uploads\/2024\/10\/Bouclier-.jpg 977w, https:\/\/rosedelphine.com\/wp-content\/uploads\/2024\/10\/Bouclier--223x300.jpg 223w, https:\/\/rosedelphine.com\/wp-content\/uploads\/2024\/10\/Bouclier--760x1024.jpg 760w, https:\/\/rosedelphine.com\/wp-content\/uploads\/2024\/10\/Bouclier--768x1035.jpg 768w\" sizes=\"auto, (max-width: 977px) 100vw, 977px\" \/><\/figure>\n\n\n\n<p>N\u00e9e aux Lilas en 1974.<\/p>\n\n\n\n<p>Dipl\u00f4m\u00e9e de l\u2019\u00e9cole Boulle.<\/p>\n\n\n\n<p>D.U d\u2019 art en th\u00e9rapie et en psychop\u00e9dagogie de l\u2019Universit\u00e9 Ren\u00e9 Descartes et du Centre d\u2019\u00e9tude de l\u2019expression (h\u00f4pital St Anne). R\u00e9daction d\u2019un m\u00e9moire \u201cL\u2019utilisation de la nature en art-th\u00e9rapie\u201d.<\/p>\n\n\n\n<p>Elle quitte Paris en l\u2019an 2000 et s\u2019installe dans la for\u00eat du littoral aquitain o\u00f9 elle d\u00e9veloppe un travail artistique et p\u00e9dagogique tourn\u00e9 vers l\u2019environnement paysager et humain.<\/p>\n\n\n\n<p>Dans ses installations \u201cin situ\u201d, Delphine Rose ne cherche pas \u00e0 cr\u00e9er du \u201cbeau\u201d mais \u00e0 se mettre \u00e0 l\u2019\u00e9coute de ce qui l\u2019entoure pour interroger l\u2019autre sur les apparentes insignifiances et les \u00e9vidences qu\u2019elle rend par son travail visibles et singuli\u00e8res.<\/p>\n\n\n\n<p>Ses \u0153uvres existent donc dans un processus ouvert aux \u00e9changes humains. Elle attache une grande importance \u00e0 l\u2019inter-activit\u00e9, \u00e0 la transmission et \u00e0 la p\u00e9dagogie qu\u2019elle pratique depuis la fin de ses \u00e9tudes.<\/p>\n\n\n\n<p>Delphine Rose s\u2019installe en Bretagne (dans le Morbihan), en 2010 o\u00f9 elle se forme \u00e0 la c\u00e9ramique. Elle y d\u00e9veloppe un travail de sculpture en atelier.<\/p>\n\n\n\n<ul class=\"wp-block-list\"><\/ul>\n","protected":false},"excerpt":{"rendered":"<p>N\u00e9e aux Lilas en 1974. Dipl\u00f4m\u00e9e de l\u2019\u00e9cole Boulle. D.U d\u2019 art en th\u00e9rapie et en psychop\u00e9dagogie de l\u2019Universit\u00e9 Ren\u00e9 Descartes et du Centre d\u2019\u00e9tude de l\u2019expression (h\u00f4pital St Anne). R\u00e9daction d\u2019un m\u00e9moire \u201cL\u2019utilisation de la nature en art-th\u00e9rapie\u201d. Elle quitte Paris en l\u2019an 2000 et s\u2019installe dans la for\u00eat du littoral aquitain o\u00f9 elle [&hellip;]<\/p>\n","protected":false},"author":1,"featured_media":0,"parent":0,"menu_order":0,"comment_status":"closed","ping_status":"closed","template":"","meta":{"footnotes":""},"class_list":["post-24","page","type-page","status-publish","hentry"],"_links":{"self":[{"href":"https:\/\/rosedelphine.com\/index.php\/wp-json\/wp\/v2\/pages\/24","targetHints":{"allow":["GET"]}}],"collection":[{"href":"https:\/\/rosedelphine.com\/index.php\/wp-json\/wp\/v2\/pages"}],"about":[{"href":"https:\/\/rosedelphine.com\/index.php\/wp-json\/wp\/v2\/types\/page"}],"author":[{"embeddable":true,"href":"https:\/\/rosedelphine.com\/index.php\/wp-json\/wp\/v2\/users\/1"}],"replies":[{"embeddable":true,"href":"https:\/\/rosedelphine.com\/index.php\/wp-json\/wp\/v2\/comments?post=24"}],"version-history":[{"count":13,"href":"https:\/\/rosedelphine.com\/index.php\/wp-json\/wp\/v2\/pages\/24\/revisions"}],"predecessor-version":[{"id":553,"href":"https:\/\/rosedelphine.com\/index.php\/wp-json\/wp\/v2\/pages\/24\/revisions\/553"}],"wp:attachment":[{"href":"https:\/\/rosedelphine.com\/index.php\/wp-json\/wp\/v2\/media?parent=24"}],"curies":[{"name":"wp","href":"https:\/\/api.w.org\/{rel}","templated":true}]}}