{"id":20,"date":"2024-04-23T15:36:00","date_gmt":"2024-04-23T13:36:00","guid":{"rendered":"http:\/\/rosedelphine.com\/?page_id=20"},"modified":"2024-12-13T19:43:57","modified_gmt":"2024-12-13T18:43:57","slug":"chapelle-en-art","status":"publish","type":"page","link":"https:\/\/rosedelphine.com\/index.php\/installation-et-volume\/chapelle-en-art\/","title":{"rendered":"Chapelle Saint Jacques"},"content":{"rendered":"\n<h4 class=\"wp-block-heading\">Brech (56), Septembre 2019<\/h4>\n\n\n\n<p>Installation en argile crue, Gilles Gautier et Delphine Rose,<\/p>\n\n\n\n<p>Du sol au ciel, du flux horizontal de la racine qui rampe, \u00e0 l\u2019\u00e9lan vertical de la plante qui cherche l\u2019eau et la lumi\u00e8re , l\u2019 installation model\u00e9e en argile par Gilles Gautier et Delphine Rose, , se d\u00e9roule comme un lien :<\/p>\n\n\n\n<ul class=\"wp-block-list\">\n<li>\u00b0 Un lien entre les diff\u00e9rentes croyances : de l\u2019animisme, qui donne une \u00e2me \u00e0 la nature, \u00e0 St Jacques de Compostelle, dont les chemins traverse cette nature.<\/li>\n\n\n\n<li>\u00b0 Un lien entre les arts et les artistes : \u2013 la danseuse Maria-Ma\u00ef y pr\u00e9sente une \u00ab performance B\u00fbto \u00bb qui suit \u00ab le fil rouge \u00bb, et y a aussi improvis\u00e9 une installation. \u2013 Par des \u00e9l\u00e9ments verticaux, qui dans leur proposition artistique r\u00e9pondent au travail a\u00e9rien, mais d\u2019aplomb, d\u2019 Isabelle Perroneau (artiste avec qui ils partagent l\u2019espace d\u2019exposition et de cr\u00e9ation de la chapelle)<\/li>\n\n\n\n<li>Un lien interactif entre les artistes, l\u2019oeuvre et le public : de l argile est mis \u00e0 disposition de ce dernier et les artistes assurent les permanences pour favoriser la rencontre.<\/li>\n\n\n\n<li>Un lien formel et symbolique entre le ciel et la terre<\/li>\n\n\n\n<li>Un lien plastique et organique entre le min\u00e9ral et le v\u00e9g\u00e9tal.<\/li>\n\n\n\n<li>Et enfin, un lien d\u2019amour entre les 2 artistes.<\/li>\n<\/ul>\n\n\n\n<p>Le fil conducteur de tous ces liens est celui du sacr\u00e9, et l\u2019actualit\u00e9 malheureuse de la for\u00eat qui br\u00fble justifie encore plus aujourd\u2019hui la place de l\u2019arbre en son centre, justifie encore davantage son \u00e9vocation par les artistes au sein d\u2019un b\u00e2timent sacralis\u00e9 par l\u2019homme, comme l\u2019est cette chapelle.<\/p>\n\n\n\n<p>En effet, pour Gilles Gautier et Delphine Rose, la nature est sacr\u00e9e et ce lieu leur permet d\u2019en exprimer l\u2019id\u00e9e, avec l\u2019humilit\u00e9 de sa terre battue par le temps, et de sa pierre par le vent.<\/p>\n\n\n\n<p>Pour ces artistes, avant de s\u2019ancrer dans un patrimoine b\u00e2tit (religieux ou non), nos racines d\u2019\u00eatre humain sont dans la terre comme le sont celles des arbres. La chapelle St Jacques avec son sol nu, invite l\u2019homme \u00e0 ne pas les couper et surtout \u00e0 les nourrir.<\/p>\n\n\n\n<p><a href=\"http:\/\/localhost:8888\/site\/img\/2021\/11\/IMG_3806-1-1152x1536.jpg\"><\/a><\/p>\n\n\n\n<figure class=\"wp-block-gallery has-nested-images columns-default is-cropped wp-block-gallery-1 is-layout-flex wp-block-gallery-is-layout-flex\">\n<figure data-wp-context=\"{&quot;imageId&quot;:&quot;6a01c0f901ec0&quot;}\" data-wp-interactive=\"core\/image\" data-wp-key=\"6a01c0f901ec0\" class=\"wp-block-image size-large wp-lightbox-container\"><img loading=\"lazy\" decoding=\"async\" width=\"777\" height=\"1024\" data-wp-class--hide=\"state.isContentHidden\" data-wp-class--show=\"state.isContentVisible\" data-wp-init=\"callbacks.setButtonStyles\" data-wp-on--click=\"actions.showLightbox\" data-wp-on--load=\"callbacks.setButtonStyles\" data-wp-on-window--resize=\"callbacks.setButtonStyles\" data-id=\"146\" src=\"http:\/\/rosedelphine.com\/wp-content\/uploads\/2024\/04\/IMG_3775-2-1-1165x1536-1-777x1024.jpg\" alt=\"\" class=\"wp-image-146\" srcset=\"https:\/\/rosedelphine.com\/wp-content\/uploads\/2024\/04\/IMG_3775-2-1-1165x1536-1-777x1024.jpg 777w, https:\/\/rosedelphine.com\/wp-content\/uploads\/2024\/04\/IMG_3775-2-1-1165x1536-1-228x300.jpg 228w, https:\/\/rosedelphine.com\/wp-content\/uploads\/2024\/04\/IMG_3775-2-1-1165x1536-1-768x1013.jpg 768w, https:\/\/rosedelphine.com\/wp-content\/uploads\/2024\/04\/IMG_3775-2-1-1165x1536-1.jpg 1165w\" sizes=\"auto, (max-width: 777px) 100vw, 777px\" \/><button\n\t\t\tclass=\"lightbox-trigger\"\n\t\t\ttype=\"button\"\n\t\t\taria-haspopup=\"dialog\"\n\t\t\taria-label=\"Agrandir\"\n\t\t\tdata-wp-init=\"callbacks.initTriggerButton\"\n\t\t\tdata-wp-on--click=\"actions.showLightbox\"\n\t\t\tdata-wp-style--right=\"state.imageButtonRight\"\n\t\t\tdata-wp-style--top=\"state.imageButtonTop\"\n\t\t>\n\t\t\t<svg xmlns=\"http:\/\/www.w3.org\/2000\/svg\" width=\"12\" height=\"12\" fill=\"none\" viewBox=\"0 0 12 12\">\n\t\t\t\t<path fill=\"#fff\" d=\"M2 0a2 2 0 0 0-2 2v2h1.5V2a.5.5 0 0 1 .5-.5h2V0H2Zm2 10.5H2a.5.5 0 0 1-.5-.5V8H0v2a2 2 0 0 0 2 2h2v-1.5ZM8 12v-1.5h2a.5.5 0 0 0 .5-.5V8H12v2a2 2 0 0 1-2 2H8Zm2-12a2 2 0 0 1 2 2v2h-1.5V2a.5.5 0 0 0-.5-.5H8V0h2Z\" \/>\n\t\t\t<\/svg>\n\t\t<\/button><\/figure>\n\n\n\n<figure data-wp-context=\"{&quot;imageId&quot;:&quot;6a01c0f9024b4&quot;}\" data-wp-interactive=\"core\/image\" data-wp-key=\"6a01c0f9024b4\" class=\"wp-block-image size-large wp-lightbox-container\"><img loading=\"lazy\" decoding=\"async\" width=\"768\" height=\"1024\" data-wp-class--hide=\"state.isContentHidden\" data-wp-class--show=\"state.isContentVisible\" data-wp-init=\"callbacks.setButtonStyles\" data-wp-on--click=\"actions.showLightbox\" data-wp-on--load=\"callbacks.setButtonStyles\" data-wp-on-window--resize=\"callbacks.setButtonStyles\" data-id=\"144\" src=\"http:\/\/rosedelphine.com\/wp-content\/uploads\/2024\/04\/IMG_3806-1-1152x1536-1-768x1024.jpg\" alt=\"\" class=\"wp-image-144\" srcset=\"https:\/\/rosedelphine.com\/wp-content\/uploads\/2024\/04\/IMG_3806-1-1152x1536-1-768x1024.jpg 768w, https:\/\/rosedelphine.com\/wp-content\/uploads\/2024\/04\/IMG_3806-1-1152x1536-1-225x300.jpg 225w, https:\/\/rosedelphine.com\/wp-content\/uploads\/2024\/04\/IMG_3806-1-1152x1536-1.jpg 1152w\" sizes=\"auto, (max-width: 768px) 100vw, 768px\" \/><button\n\t\t\tclass=\"lightbox-trigger\"\n\t\t\ttype=\"button\"\n\t\t\taria-haspopup=\"dialog\"\n\t\t\taria-label=\"Agrandir\"\n\t\t\tdata-wp-init=\"callbacks.initTriggerButton\"\n\t\t\tdata-wp-on--click=\"actions.showLightbox\"\n\t\t\tdata-wp-style--right=\"state.imageButtonRight\"\n\t\t\tdata-wp-style--top=\"state.imageButtonTop\"\n\t\t>\n\t\t\t<svg xmlns=\"http:\/\/www.w3.org\/2000\/svg\" width=\"12\" height=\"12\" fill=\"none\" viewBox=\"0 0 12 12\">\n\t\t\t\t<path fill=\"#fff\" d=\"M2 0a2 2 0 0 0-2 2v2h1.5V2a.5.5 0 0 1 .5-.5h2V0H2Zm2 10.5H2a.5.5 0 0 1-.5-.5V8H0v2a2 2 0 0 0 2 2h2v-1.5ZM8 12v-1.5h2a.5.5 0 0 0 .5-.5V8H12v2a2 2 0 0 1-2 2H8Zm2-12a2 2 0 0 1 2 2v2h-1.5V2a.5.5 0 0 0-.5-.5H8V0h2Z\" \/>\n\t\t\t<\/svg>\n\t\t<\/button><\/figure>\n\n\n\n<figure data-wp-context=\"{&quot;imageId&quot;:&quot;6a01c0f902954&quot;}\" data-wp-interactive=\"core\/image\" data-wp-key=\"6a01c0f902954\" class=\"wp-block-image size-large wp-lightbox-container\"><img loading=\"lazy\" decoding=\"async\" width=\"1024\" height=\"768\" data-wp-class--hide=\"state.isContentHidden\" data-wp-class--show=\"state.isContentVisible\" data-wp-init=\"callbacks.setButtonStyles\" data-wp-on--click=\"actions.showLightbox\" data-wp-on--load=\"callbacks.setButtonStyles\" data-wp-on-window--resize=\"callbacks.setButtonStyles\" data-id=\"145\" src=\"http:\/\/rosedelphine.com\/wp-content\/uploads\/2024\/04\/IMG_3811-1536x1152-1-1024x768.jpg\" alt=\"\" class=\"wp-image-145\" srcset=\"https:\/\/rosedelphine.com\/wp-content\/uploads\/2024\/04\/IMG_3811-1536x1152-1-1024x768.jpg 1024w, https:\/\/rosedelphine.com\/wp-content\/uploads\/2024\/04\/IMG_3811-1536x1152-1-300x225.jpg 300w, https:\/\/rosedelphine.com\/wp-content\/uploads\/2024\/04\/IMG_3811-1536x1152-1-768x576.jpg 768w, https:\/\/rosedelphine.com\/wp-content\/uploads\/2024\/04\/IMG_3811-1536x1152-1.jpg 1536w\" sizes=\"auto, (max-width: 1024px) 100vw, 1024px\" \/><button\n\t\t\tclass=\"lightbox-trigger\"\n\t\t\ttype=\"button\"\n\t\t\taria-haspopup=\"dialog\"\n\t\t\taria-label=\"Agrandir\"\n\t\t\tdata-wp-init=\"callbacks.initTriggerButton\"\n\t\t\tdata-wp-on--click=\"actions.showLightbox\"\n\t\t\tdata-wp-style--right=\"state.imageButtonRight\"\n\t\t\tdata-wp-style--top=\"state.imageButtonTop\"\n\t\t>\n\t\t\t<svg xmlns=\"http:\/\/www.w3.org\/2000\/svg\" width=\"12\" height=\"12\" fill=\"none\" viewBox=\"0 0 12 12\">\n\t\t\t\t<path fill=\"#fff\" d=\"M2 0a2 2 0 0 0-2 2v2h1.5V2a.5.5 0 0 1 .5-.5h2V0H2Zm2 10.5H2a.5.5 0 0 1-.5-.5V8H0v2a2 2 0 0 0 2 2h2v-1.5ZM8 12v-1.5h2a.5.5 0 0 0 .5-.5V8H12v2a2 2 0 0 1-2 2H8Zm2-12a2 2 0 0 1 2 2v2h-1.5V2a.5.5 0 0 0-.5-.5H8V0h2Z\" \/>\n\t\t\t<\/svg>\n\t\t<\/button><\/figure>\n\n\n\n<figure data-wp-context=\"{&quot;imageId&quot;:&quot;6a01c0f902dd2&quot;}\" data-wp-interactive=\"core\/image\" data-wp-key=\"6a01c0f902dd2\" class=\"wp-block-image size-large wp-lightbox-container\"><img loading=\"lazy\" decoding=\"async\" width=\"768\" height=\"1024\" data-wp-class--hide=\"state.isContentHidden\" data-wp-class--show=\"state.isContentVisible\" data-wp-init=\"callbacks.setButtonStyles\" data-wp-on--click=\"actions.showLightbox\" data-wp-on--load=\"callbacks.setButtonStyles\" data-wp-on-window--resize=\"callbacks.setButtonStyles\" data-id=\"143\" src=\"http:\/\/rosedelphine.com\/wp-content\/uploads\/2024\/04\/IMG_3906-1152x1536-1-768x1024.jpg\" alt=\"\" class=\"wp-image-143\" srcset=\"https:\/\/rosedelphine.com\/wp-content\/uploads\/2024\/04\/IMG_3906-1152x1536-1-768x1024.jpg 768w, https:\/\/rosedelphine.com\/wp-content\/uploads\/2024\/04\/IMG_3906-1152x1536-1-225x300.jpg 225w, https:\/\/rosedelphine.com\/wp-content\/uploads\/2024\/04\/IMG_3906-1152x1536-1.jpg 1152w\" sizes=\"auto, (max-width: 768px) 100vw, 768px\" \/><button\n\t\t\tclass=\"lightbox-trigger\"\n\t\t\ttype=\"button\"\n\t\t\taria-haspopup=\"dialog\"\n\t\t\taria-label=\"Agrandir\"\n\t\t\tdata-wp-init=\"callbacks.initTriggerButton\"\n\t\t\tdata-wp-on--click=\"actions.showLightbox\"\n\t\t\tdata-wp-style--right=\"state.imageButtonRight\"\n\t\t\tdata-wp-style--top=\"state.imageButtonTop\"\n\t\t>\n\t\t\t<svg xmlns=\"http:\/\/www.w3.org\/2000\/svg\" width=\"12\" height=\"12\" fill=\"none\" viewBox=\"0 0 12 12\">\n\t\t\t\t<path fill=\"#fff\" d=\"M2 0a2 2 0 0 0-2 2v2h1.5V2a.5.5 0 0 1 .5-.5h2V0H2Zm2 10.5H2a.5.5 0 0 1-.5-.5V8H0v2a2 2 0 0 0 2 2h2v-1.5ZM8 12v-1.5h2a.5.5 0 0 0 .5-.5V8H12v2a2 2 0 0 1-2 2H8Zm2-12a2 2 0 0 1 2 2v2h-1.5V2a.5.5 0 0 0-.5-.5H8V0h2Z\" \/>\n\t\t\t<\/svg>\n\t\t<\/button><\/figure>\n<\/figure>\n","protected":false},"excerpt":{"rendered":"<p>Brech (56), Septembre 2019 Installation en argile crue, Gilles Gautier et Delphine Rose, Du sol au ciel, du flux horizontal de la racine qui rampe, \u00e0 l\u2019\u00e9lan vertical de la plante qui cherche l\u2019eau et la lumi\u00e8re , l\u2019 installation model\u00e9e en argile par Gilles Gautier et Delphine Rose, , se d\u00e9roule comme un lien [&hellip;]<\/p>\n","protected":false},"author":1,"featured_media":0,"parent":19,"menu_order":0,"comment_status":"closed","ping_status":"closed","template":"","meta":{"footnotes":""},"class_list":["post-20","page","type-page","status-publish","hentry"],"_links":{"self":[{"href":"https:\/\/rosedelphine.com\/index.php\/wp-json\/wp\/v2\/pages\/20","targetHints":{"allow":["GET"]}}],"collection":[{"href":"https:\/\/rosedelphine.com\/index.php\/wp-json\/wp\/v2\/pages"}],"about":[{"href":"https:\/\/rosedelphine.com\/index.php\/wp-json\/wp\/v2\/types\/page"}],"author":[{"embeddable":true,"href":"https:\/\/rosedelphine.com\/index.php\/wp-json\/wp\/v2\/users\/1"}],"replies":[{"embeddable":true,"href":"https:\/\/rosedelphine.com\/index.php\/wp-json\/wp\/v2\/comments?post=20"}],"version-history":[{"count":6,"href":"https:\/\/rosedelphine.com\/index.php\/wp-json\/wp\/v2\/pages\/20\/revisions"}],"predecessor-version":[{"id":587,"href":"https:\/\/rosedelphine.com\/index.php\/wp-json\/wp\/v2\/pages\/20\/revisions\/587"}],"up":[{"embeddable":true,"href":"https:\/\/rosedelphine.com\/index.php\/wp-json\/wp\/v2\/pages\/19"}],"wp:attachment":[{"href":"https:\/\/rosedelphine.com\/index.php\/wp-json\/wp\/v2\/media?parent=20"}],"curies":[{"name":"wp","href":"https:\/\/api.w.org\/{rel}","templated":true}]}}